{"id":3636,"date":"2021-09-19T22:24:06","date_gmt":"2021-09-20T05:24:06","guid":{"rendered":"https:\/\/providencestag.wpengine.com\/ginecologia-y-obstetricia\/"},"modified":"2026-04-10T13:52:16","modified_gmt":"2026-04-10T20:52:16","slug":"ginecologia-y-obstetricia","status":"publish","type":"page","link":"https:\/\/providencemedicalassociates.org\/es\/ginecologia-y-obstetricia\/","title":{"rendered":"GINECOLOG\u00cdA Y OBSTETRICIA"},"content":{"rendered":"<p>[et_pb_section fb_built=\u00bb1&#8243; custom_padding_last_edited=\u00bbon|desktop\u00bb admin_label=\u00bbContent Left with Video\u00bb module_class=\u00bbspecialty-care-section content-with-video\u00bb _builder_version=\u00bb4.16&#8243; _module_preset=\u00bbdefault\u00bb custom_padding=\u00bb69px||19px||false|false\u00bb custom_padding_tablet=\u00bb5px||||false|false\u00bb custom_padding_phone=\u00bb\u00bb locked=\u00bboff\u00bb collapsed=\u00bboff\u00bb global_colors_info=\u00bb{}\u00bb][et_pb_row column_structure=\u00bb1_2,1_2&#8243; _builder_version=\u00bb4.16&#8243; _module_preset=\u00bbdefault\u00bb global_colors_info=\u00bb{}\u00bb][et_pb_column type=\u00bb1_2&#8243; _builder_version=\u00bb4.16&#8243; _module_preset=\u00bbdefault\u00bb global_colors_info=\u00bb{}\u00bb][et_pb_text _builder_version=\u00bb4.27.4&#8243; _module_preset=\u00bbdefault\u00bb global_colors_info=\u00bb{}\u00bb]<\/p>\n<h4>Ginecolog\u00eda y Uroginecolog\u00eda<\/h4>\n<p>Nuestros equipos diagnostican, gestionan y tratan cuidadosamente las afecciones ginecol\u00f3gicas que te afectan a lo largo de tu vida.<\/p>\n<p>Nuestras cl\u00ednicas cuentan con m\u00e9dicos y personal que ofrecen todo el espectro de atenci\u00f3n ginecol\u00f3gica, desde revisiones rutinarias a problemas de salud reproductiva, pasando por la salud posmenop\u00e1usica y el c\u00e1ncer ginecol\u00f3gico. Para muchas mujeres, las visitas ginecol\u00f3gicas son anuales. Puesto que tu proveedor trabajar\u00e1 contigo para tratar tus problemas ginecol\u00f3gicos en cada fase de la vida, es importante elegir al ginec\u00f3logo adecuado.  <\/p>\n<p>Nuestros m\u00e9dicos prestan servicios de alta calidad en nuestras cl\u00ednicas y nuestros hospitales. Tanto si te sometes a un examen anual b\u00e1sico, a una pelviscopia o a una histerectom\u00eda vaginal, los ginec\u00f3logos de Providence Medical Associates se dedican a atender tus necesidades. <\/p>\n<p>[\/et_pb_text][\/et_pb_column][et_pb_column type=\u00bb1_2&#8243; _builder_version=\u00bb4.16&#8243; _module_preset=\u00bbdefault\u00bb global_colors_info=\u00bb{}\u00bb][et_pb_video src=\u00bbhttps:\/\/www.youtube.com\/watch?v=2fDG7Mq2OZ8&#8243; image_src=\u00bbhttps:\/\/providencemedicalassociates.org\/wp-content\/uploads\/2021\/09\/Denise-Ishimaru-MD-Obstetrics-Gynecology.jpg\u00bb disabled_on=\u00bbon|on|on\u00bb module_class=\u00bblayouts-video-right background-overlay\u00bb _builder_version=\u00bb4.16&#8243; _module_preset=\u00bbdefault\u00bb disabled=\u00bbon\u00bb global_colors_info=\u00bb{}\u00bb][\/et_pb_video][et_pb_image src=\u00bbhttps:\/\/providencemedicalassociates.org\/wp-content\/uploads\/2021\/09\/Denise-Ishimaru-MD-Obstetrics-Gynecology.jpg\u00bb title_text=\u00bbDenise-Ishimaru,-MD-Obstetricia-Ginecolog\u00eda\u00bb url=\u00bbhttps:\/\/www.youtube.com\/watch?v=2fDG7Mq2OZ8&#8243; module_class=\u00bbbackground-overlay custom-video video-popup\u00bb _builder_version=\u00bb4.16&#8243; _module_preset=\u00bbdefault\u00bb global_colors_info=\u00bb{}\u00bb][\/et_pb_image][\/et_pb_column][\/et_pb_row][et_pb_row _builder_version=\u00bb4.16&#8243; _module_preset=\u00bbdefault\u00bb global_colors_info=\u00bb{}\u00bb][et_pb_column type=\u00bb4_4&#8243; _builder_version=\u00bb4.16&#8243; _module_preset=\u00bbdefault\u00bb global_colors_info=\u00bb{}\u00bb][et_pb_text _builder_version=\u00bb4.27.4&#8243; _module_preset=\u00bbdefault\u00bb hover_enabled=\u00bb0&#8243; global_colors_info=\u00bb{}\u00bb sticky_enabled=\u00bb0&#8243;]<\/p>\n<h4>Cirug\u00eda ginecol\u00f3gica<\/h4>\n<p>Desde cirujanos expertos e instalaciones avanzadas hasta un experimentado equipo de enfermer\u00eda, Providence Medical Associates proporciona una atenci\u00f3n integral y de alta calidad en cada fase de tu tratamiento.<\/p>\n<p>Nuestros cirujanos siguen a la vanguardia de la innovaci\u00f3n, ofreciendo t\u00e9cnicas avanzadas para afecciones ginecol\u00f3gicas, como la cirug\u00eda rob\u00f3tica m\u00ednimamente invasiva, la laparoscopia y la histeroscopia, enfoques dise\u00f1ados para mejorar los resultados y favorecer una recuperaci\u00f3n m\u00e1s r\u00e1pida.<\/p>\n<p>A lo largo de tu intervenci\u00f3n y recuperaci\u00f3n, contar\u00e1s con el apoyo de un equipo de atenci\u00f3n coordinado y compasivo que incluye enfermeras, farmac\u00e9uticos, dietistas, trabajadores sociales y otros especialistas centrados en ayudarte a curarte eficazmente y a reincorporarte a la vida cotidiana.<\/p>\n<p>Adem\u00e1s de tratar afecciones benignas, Providence Medical Associates ofrece atenci\u00f3n quir\u00fargica integral para los c\u00e1nceres ginecol\u00f3gicos, con el apoyo de la experiencia y los recursos de nuestros centros oncol\u00f3gicos especializados.<\/p>\n<h4>\n<h4>Servicios y tratamientos<\/h4>\n<p>Tu centro Providence Medical Associates m\u00e1s cercano puede ofrecer una variedad de especialidades y \u00e1reas de inter\u00e9s, que van desde el parto a la mama y desde la salud reproductiva a la osteoporosis, y tratamientos para:<\/p>\n<table style=\"border-collapse: collapse; margin-top: 32px; font-size: 16px;\">\n<tbody>\n<tr>\n<td style=\"border: 1px solid #ffffff; padding: 12px;\">&#8211; Menstruaci\u00f3n irregular<\/td>\n<td style=\"border: 1px solid #ffffff; padding: 12px;\">&#8211; Endometriosis<\/td>\n<td style=\"border: 1px solid #ffffff; padding: 12px;\">&#8211; Evaluaci\u00f3n y tratamiento de fibromas<\/td>\n<\/tr>\n<tr>\n<td style=\"border: 1px solid #ffffff; padding: 12px;\">&#8211; Fugas Urinarias (Incontinencia)<\/td>\n<td style=\"border: 1px solid #ffffff; padding: 12px;\">&#8211; Menopausia y otros problemas del envejecimiento<\/td>\n<td style=\"border: 1px solid #ffffff; padding: 12px;\">&#8211; Tratamiento del c\u00e1ncer ginecol\u00f3gico<\/td>\n<\/tr>\n<tr>\n<td style=\"border: 1px solid #ffffff; padding: 12px;\">&#8211; Reconstrucci\u00f3n del suelo p\u00e9lvico<\/td>\n<td style=\"border: 1px solid #ffffff; padding: 12px;\">&#8211; Perimenopausia<\/td>\n<td style=\"border: 1px solid #ffffff; padding: 12px;\">&#8211; Dolor p\u00e9lvico<\/td>\n<\/tr>\n<tr>\n<td style=\"border: 1px solid #ffffff; padding: 12px;\">&#8211; Infertilidad<\/td>\n<td style=\"border: 1px solid #ffffff; padding: 12px;\">&#8211; Cirug\u00eda Ginecol\u00f3gica<\/td>\n<td style=\"border: 1px solid #ffffff; padding: 12px;\">&#8211; Atenci\u00f3n obst\u00e9trica completa para embarazos de bajo y alto riesgo<\/td>\n<\/tr>\n<tr>\n<td style=\"border: 1px solid #ffffff; padding: 12px;\">&#8211; Pruebas de ETS<\/td>\n<td style=\"border: 1px solid #ffffff; padding: 12px;\">&#8211; Anticonceptivos<\/td>\n<td style=\"border: 1px solid #ffffff; padding: 12px;\">&#8211; Terapia hormonal<\/td>\n<\/tr>\n<tr>\n<td style=\"border: 1px solid #ffffff; padding: 12px;\">&#8211; Exploraciones Ginecol\u00f3gicas<\/td>\n<td style=\"border: 1px solid #ffffff; padding: 12px;\">&#8211; Trastornos del suelo p\u00e9lvico y reconstrucci\u00f3n<\/td>\n<td style=\"border: 1px solid #ffffff; padding: 12px;\"><\/td>\n<\/tr>\n<\/tbody>\n<\/table>\n<p>[\/et_pb_text][\/et_pb_column][\/et_pb_row][\/et_pb_section][et_pb_section fb_built=\u00bb1&#8243; custom_padding_last_edited=\u00bbon|tablet\u00bb disabled_on=\u00bbon|on|on\u00bb admin_label=\u00bbAssociated Physicians\u00bb module_class=\u00bbspecialists-section\u00bb _builder_version=\u00bb4.16&#8243; _module_preset=\u00bbdefault\u00bb custom_padding=\u00bb18px||7px||false|false\u00bb custom_padding_tablet=\u00bb||0px||false|false\u00bb custom_padding_phone=\u00bb\u00bb disabled=\u00bbon\u00bb collapsed=\u00bboff\u00bb global_colors_info=\u00bb{}\u00bb][et_pb_row disabled_on=\u00bboff|off|off\u00bb module_class=\u00bbservices-items clearfix\u00bb _builder_version=\u00bb4.16&#8243; _module_preset=\u00bbdefault\u00bb global_colors_info=\u00bb{}\u00bb][et_pb_column type=\u00bb4_4&#8243; _builder_version=\u00bb4.16&#8243; _module_preset=\u00bbdefault\u00bb global_colors_info=\u00bb{}\u00bb][et_pb_text admin_label=\u00bbHeart &#038; Vascular Specialists\u00bb module_class=\u00bbservice-item\u00bb _builder_version=\u00bb4.16&#8243; _module_preset=\u00bbdefault\u00bb text_orientation=\u00bbcenter\u00bb custom_margin=\u00bb||0px||false|false\u00bb global_colors_info=\u00bb{}\u00bb]<\/p>\n<h3>Ginec\u00f3logos-obstetras<\/h3>\n<p>[\/et_pb_text][et_pb_code _builder_version=\u00bb4.16&#8243; _module_preset=\u00bbdefault\u00bb custom_padding=\u00bb49px||||false|false\u00bb global_colors_info=\u00bb{}\u00bb][\/et_pb_code][\/et_pb_column][\/et_pb_row][\/et_pb_section][et_pb_section fb_built=\u00bb1&#8243; custom_padding_last_edited=\u00bbon|tablet\u00bb admin_label=\u00bbFind a Doctor | Urgent Care\u00bb module_class=\u00bbhalf-cta-with-bg-section\u00bb _builder_version=\u00bb4.16&#8243; _module_preset=\u00bbdefault\u00bb custom_margin=\u00bb||0px||false|false\u00bb custom_padding=\u00bb||0px||false|false\u00bb custom_padding_tablet=\u00bb0px||0px||true|false\u00bb custom_padding_phone=\u00bb\u00bb global_colors_info=\u00bb{}\u00bb][et_pb_row column_structure=\u00bb1_2,1_2&#8243; use_custom_gutter=\u00bbon\u00bb gutter_width=\u00bb1&#8243; make_equal=\u00bbon\u00bb admin_label=\u00bbFila\u00bb _builder_version=\u00bb4.16&#8243; _module_preset=\u00bbdefault\u00bb width=\u00bb100%\u00bb max_width=\u00bb100%\u00bb custom_margin=\u00bb||0px||false|false\u00bb custom_padding=\u00bb||0px||false|false\u00bb global_colors_info=\u00bb{}\u00bb][et_pb_column type=\u00bb1_2&#8243; module_class=\u00bbfind-doctor-col\u00bb _builder_version=\u00bb4.16&#8243; _module_preset=\u00bbdefault\u00bb background_color=\u00bbrgba(51,92,164,0.75)\u00bb background_enable_image=\u00bboff\u00bb background_blend=\u00bboverlay\u00bb global_colors_info=\u00bb{}\u00bb][et_pb_cta title=\u00bbBusca un m\u00e9dico\u00bb button_url=\u00bbhttps:\/\/providencemedicalassociates.org\/es\/servicios-medicos\/\u00bb button_text=\u00bbM\u00e1s informaci\u00f3n\u00bb admin_label=\u00bbBusca un m\u00e9dico\u00bb module_class=\u00bbfind-a-doctor\u00bb _builder_version=\u00bb4.16&#8243; _module_preset=\u00bbdefault\u00bb use_background_color=\u00bboff\u00bb text_orientation=\u00bbleft\u00bb global_colors_info=\u00bb{}\u00bb]Busque entre m\u00e1s de 100 proveedores de atenci\u00f3n sanitaria y programe una cita en persona o por telesalud.[\/et_pb_cta][\/et_pb_column][et_pb_column type=\u00bb1_2&#8243; module_class=\u00bburgent-care-col\u00bb _builder_version=\u00bb4.16&#8243; _module_preset=\u00bbdefault\u00bb background_color=\u00bbrgba(97,161,88,0.75)\u00bb background_enable_image=\u00bboff\u00bb background_blend=\u00bboverlay\u00bb global_colors_info=\u00bb{}\u00bb][et_pb_cta title=\u00bbAtenci\u00f3n urgente\u00bb button_url=\u00bbhttps:\/\/providencemedicalassociates.org\/es\/atencion-urgente\/\u00bb button_text=\u00bbM\u00e1s informaci\u00f3n\u00bb admin_label=\u00bbAtenci\u00f3n urgente\u00bb module_class=\u00bburgent-care\u00bb _builder_version=\u00bb4.16&#8243; _module_preset=\u00bbdefault\u00bb use_background_color=\u00bboff\u00bb text_orientation=\u00bbleft\u00bb global_colors_info=\u00bb{}\u00bb]<\/p>\n<p>Desde esguinces y resfriados hasta golpes y contusiones, nuestros m\u00e9dicos est\u00e1n preparados para prestarte la atenci\u00f3n que necesites sin cita previa.<\/p>\n<p>[\/et_pb_cta][\/et_pb_column][\/et_pb_row][\/et_pb_section]<\/p>\n","protected":false},"excerpt":{"rendered":"<p>Ginecolog\u00eda y Uroginecolog\u00eda Nuestros equipos diagnostican, gestionan y tratan cuidadosamente las afecciones ginecol\u00f3gicas que te afectan a lo largo de tu vida. Nuestras cl\u00ednicas cuentan con m\u00e9dicos y personal que ofrecen todo el espectro de atenci\u00f3n ginecol\u00f3gica, desde revisiones rutinarias a problemas de salud reproductiva, pasando por la salud posmenop\u00e1usica y el c\u00e1ncer ginecol\u00f3gico. Para [&hellip;]<\/p>\n","protected":false},"author":1,"featured_media":0,"parent":0,"menu_order":0,"comment_status":"closed","ping_status":"closed","template":"","meta":{"_acf_changed":false,"_et_pb_use_builder":"on","_et_pb_old_content":"","_et_gb_content_width":"","inline_featured_image":false,"_lmt_disableupdate":"no","_lmt_disable":"","footnotes":""},"class_list":["post-3636","page","type-page","status-publish","hentry"],"acf":[],"yoast_head":"<!-- This site is optimized with the Yoast SEO Premium plugin v27.5 (Yoast SEO v27.6) - https:\/\/yoast.com\/product\/yoast-seo-premium-wordpress\/ -->\n<title>Los mejores ginec\u00f3logos y obstetras cerca de m\u00ed en South Bay, Los Angeles - Providence Medical Associates<\/title>\n<meta name=\"description\" content=\"Encuentra los mejores ginec\u00f3logos y obstetras de la Bah\u00eda Sur en funci\u00f3n de la disponibilidad de citas, la ubicaci\u00f3n, el seguro, las opiniones verificadas y mucho m\u00e1s. \u00a1Pide cita hoy mismo!\" \/>\n<meta name=\"robots\" content=\"index, follow, max-snippet:-1, max-image-preview:large, max-video-preview:-1\" \/>\n<link rel=\"canonical\" href=\"https:\/\/providencemedicalassociates.org\/es\/ginecologia-y-obstetricia\/\" \/>\n<meta property=\"og:locale\" content=\"es_ES\" \/>\n<meta property=\"og:type\" content=\"article\" \/>\n<meta property=\"og:title\" content=\"GINECOLOG\u00cdA Y OBSTETRICIA\" \/>\n<meta property=\"og:description\" content=\"Encuentra los mejores ginec\u00f3logos y obstetras de la Bah\u00eda Sur en funci\u00f3n de la disponibilidad de citas, la ubicaci\u00f3n, el seguro, las opiniones verificadas y mucho m\u00e1s. \u00a1Pide cita hoy mismo!\" \/>\n<meta property=\"og:url\" content=\"https:\/\/providencemedicalassociates.org\/es\/ginecologia-y-obstetricia\/\" \/>\n<meta property=\"og:site_name\" content=\"Providence Medical Associates\" \/>\n<meta property=\"article:modified_time\" content=\"2026-04-10T20:52:16+00:00\" \/>\n<meta name=\"twitter:card\" content=\"summary_large_image\" \/>\n<meta name=\"twitter:label1\" content=\"Tiempo de lectura\" \/>\n\t<meta name=\"twitter:data1\" content=\"2 minutos\" \/>\n<script type=\"application\/ld+json\" class=\"yoast-schema-graph\">{\"@context\":\"https:\\\/\\\/schema.org\",\"@graph\":[{\"@type\":\"WebPage\",\"@id\":\"https:\\\/\\\/providencemedicalassociates.org\\\/es\\\/ginecologia-y-obstetricia\\\/\",\"url\":\"https:\\\/\\\/providencemedicalassociates.org\\\/es\\\/ginecologia-y-obstetricia\\\/\",\"name\":\"Los mejores ginec\u00f3logos y obstetras cerca de m\u00ed en South Bay, Los Angeles - Providence Medical Associates\",\"isPartOf\":{\"@id\":\"https:\\\/\\\/providencemedicalassociates.org\\\/es\\\/#website\"},\"datePublished\":\"2021-09-20T05:24:06+00:00\",\"dateModified\":\"2026-04-10T20:52:16+00:00\",\"description\":\"Encuentra los mejores ginec\u00f3logos y obstetras de la Bah\u00eda Sur en funci\u00f3n de la disponibilidad de citas, la ubicaci\u00f3n, el seguro, las opiniones verificadas y mucho m\u00e1s. \u00a1Pide cita hoy mismo!\",\"breadcrumb\":{\"@id\":\"https:\\\/\\\/providencemedicalassociates.org\\\/es\\\/ginecologia-y-obstetricia\\\/#breadcrumb\"},\"inLanguage\":\"es\",\"potentialAction\":[{\"@type\":\"ReadAction\",\"target\":[\"https:\\\/\\\/providencemedicalassociates.org\\\/es\\\/ginecologia-y-obstetricia\\\/\"]}]},{\"@type\":\"BreadcrumbList\",\"@id\":\"https:\\\/\\\/providencemedicalassociates.org\\\/es\\\/ginecologia-y-obstetricia\\\/#breadcrumb\",\"itemListElement\":[{\"@type\":\"ListItem\",\"position\":1,\"name\":\"Home\",\"item\":\"https:\\\/\\\/providencemedicalassociates.org\\\/es\\\/\"},{\"@type\":\"ListItem\",\"position\":2,\"name\":\"GINECOLOG\u00cdA Y OBSTETRICIA\"}]},{\"@type\":\"WebSite\",\"@id\":\"https:\\\/\\\/providencemedicalassociates.org\\\/es\\\/#website\",\"url\":\"https:\\\/\\\/providencemedicalassociates.org\\\/es\\\/\",\"name\":\"Providence Medical Associates\",\"description\":\"Health for a Better World\",\"publisher\":{\"@id\":\"https:\\\/\\\/providencemedicalassociates.org\\\/es\\\/#organization\"},\"potentialAction\":[{\"@type\":\"SearchAction\",\"target\":{\"@type\":\"EntryPoint\",\"urlTemplate\":\"https:\\\/\\\/providencemedicalassociates.org\\\/es\\\/?s={search_term_string}\"},\"query-input\":{\"@type\":\"PropertyValueSpecification\",\"valueRequired\":true,\"valueName\":\"search_term_string\"}}],\"inLanguage\":\"es\"},{\"@type\":\"Organization\",\"@id\":\"https:\\\/\\\/providencemedicalassociates.org\\\/es\\\/#organization\",\"name\":\"Providence Medical Associates\",\"url\":\"https:\\\/\\\/providencemedicalassociates.org\\\/es\\\/\",\"logo\":{\"@type\":\"ImageObject\",\"inLanguage\":\"es\",\"@id\":\"https:\\\/\\\/providencemedicalassociates.org\\\/es\\\/#\\\/schema\\\/logo\\\/image\\\/\",\"url\":\"https:\\\/\\\/providencemedicalassociates.org\\\/wp-content\\\/uploads\\\/2021\\\/10\\\/PMA-Logo.png\",\"contentUrl\":\"https:\\\/\\\/providencemedicalassociates.org\\\/wp-content\\\/uploads\\\/2021\\\/10\\\/PMA-Logo.png\",\"width\":192,\"height\":192,\"caption\":\"Providence Medical Associates\"},\"image\":{\"@id\":\"https:\\\/\\\/providencemedicalassociates.org\\\/es\\\/#\\\/schema\\\/logo\\\/image\\\/\"},\"sameAs\":[\"https:\\\/\\\/www.youtube.com\\\/channel\\\/UC1F5VwwTd9mUIicIkjNxz7w\"]}]}<\/script>\n<!-- \/ Yoast SEO Premium plugin. -->","yoast_head_json":{"title":"Los mejores ginec\u00f3logos y obstetras cerca de m\u00ed en South Bay, Los Angeles - Providence Medical Associates","description":"Encuentra los mejores ginec\u00f3logos y obstetras de la Bah\u00eda Sur en funci\u00f3n de la disponibilidad de citas, la ubicaci\u00f3n, el seguro, las opiniones verificadas y mucho m\u00e1s. \u00a1Pide cita hoy mismo!","robots":{"index":"index","follow":"follow","max-snippet":"max-snippet:-1","max-image-preview":"max-image-preview:large","max-video-preview":"max-video-preview:-1"},"canonical":"https:\/\/providencemedicalassociates.org\/es\/ginecologia-y-obstetricia\/","og_locale":"es_ES","og_type":"article","og_title":"GINECOLOG\u00cdA Y OBSTETRICIA","og_description":"Encuentra los mejores ginec\u00f3logos y obstetras de la Bah\u00eda Sur en funci\u00f3n de la disponibilidad de citas, la ubicaci\u00f3n, el seguro, las opiniones verificadas y mucho m\u00e1s. \u00a1Pide cita hoy mismo!","og_url":"https:\/\/providencemedicalassociates.org\/es\/ginecologia-y-obstetricia\/","og_site_name":"Providence Medical Associates","article_modified_time":"2026-04-10T20:52:16+00:00","twitter_card":"summary_large_image","twitter_misc":{"Tiempo de lectura":"2 minutos"},"schema":{"@context":"https:\/\/schema.org","@graph":[{"@type":"WebPage","@id":"https:\/\/providencemedicalassociates.org\/es\/ginecologia-y-obstetricia\/","url":"https:\/\/providencemedicalassociates.org\/es\/ginecologia-y-obstetricia\/","name":"Los mejores ginec\u00f3logos y obstetras cerca de m\u00ed en South Bay, Los Angeles - Providence Medical Associates","isPartOf":{"@id":"https:\/\/providencemedicalassociates.org\/es\/#website"},"datePublished":"2021-09-20T05:24:06+00:00","dateModified":"2026-04-10T20:52:16+00:00","description":"Encuentra los mejores ginec\u00f3logos y obstetras de la Bah\u00eda Sur en funci\u00f3n de la disponibilidad de citas, la ubicaci\u00f3n, el seguro, las opiniones verificadas y mucho m\u00e1s. \u00a1Pide cita hoy mismo!","breadcrumb":{"@id":"https:\/\/providencemedicalassociates.org\/es\/ginecologia-y-obstetricia\/#breadcrumb"},"inLanguage":"es","potentialAction":[{"@type":"ReadAction","target":["https:\/\/providencemedicalassociates.org\/es\/ginecologia-y-obstetricia\/"]}]},{"@type":"BreadcrumbList","@id":"https:\/\/providencemedicalassociates.org\/es\/ginecologia-y-obstetricia\/#breadcrumb","itemListElement":[{"@type":"ListItem","position":1,"name":"Home","item":"https:\/\/providencemedicalassociates.org\/es\/"},{"@type":"ListItem","position":2,"name":"GINECOLOG\u00cdA Y OBSTETRICIA"}]},{"@type":"WebSite","@id":"https:\/\/providencemedicalassociates.org\/es\/#website","url":"https:\/\/providencemedicalassociates.org\/es\/","name":"Providence Medical Associates","description":"Health for a Better World","publisher":{"@id":"https:\/\/providencemedicalassociates.org\/es\/#organization"},"potentialAction":[{"@type":"SearchAction","target":{"@type":"EntryPoint","urlTemplate":"https:\/\/providencemedicalassociates.org\/es\/?s={search_term_string}"},"query-input":{"@type":"PropertyValueSpecification","valueRequired":true,"valueName":"search_term_string"}}],"inLanguage":"es"},{"@type":"Organization","@id":"https:\/\/providencemedicalassociates.org\/es\/#organization","name":"Providence Medical Associates","url":"https:\/\/providencemedicalassociates.org\/es\/","logo":{"@type":"ImageObject","inLanguage":"es","@id":"https:\/\/providencemedicalassociates.org\/es\/#\/schema\/logo\/image\/","url":"https:\/\/providencemedicalassociates.org\/wp-content\/uploads\/2021\/10\/PMA-Logo.png","contentUrl":"https:\/\/providencemedicalassociates.org\/wp-content\/uploads\/2021\/10\/PMA-Logo.png","width":192,"height":192,"caption":"Providence Medical Associates"},"image":{"@id":"https:\/\/providencemedicalassociates.org\/es\/#\/schema\/logo\/image\/"},"sameAs":["https:\/\/www.youtube.com\/channel\/UC1F5VwwTd9mUIicIkjNxz7w"]}]}},"_links":{"self":[{"href":"https:\/\/providencemedicalassociates.org\/es\/wp-json\/wp\/v2\/pages\/3636","targetHints":{"allow":["GET"]}}],"collection":[{"href":"https:\/\/providencemedicalassociates.org\/es\/wp-json\/wp\/v2\/pages"}],"about":[{"href":"https:\/\/providencemedicalassociates.org\/es\/wp-json\/wp\/v2\/types\/page"}],"author":[{"embeddable":true,"href":"https:\/\/providencemedicalassociates.org\/es\/wp-json\/wp\/v2\/users\/1"}],"replies":[{"embeddable":true,"href":"https:\/\/providencemedicalassociates.org\/es\/wp-json\/wp\/v2\/comments?post=3636"}],"version-history":[{"count":0,"href":"https:\/\/providencemedicalassociates.org\/es\/wp-json\/wp\/v2\/pages\/3636\/revisions"}],"wp:attachment":[{"href":"https:\/\/providencemedicalassociates.org\/es\/wp-json\/wp\/v2\/media?parent=3636"}],"curies":[{"name":"wp","href":"https:\/\/api.w.org\/{rel}","templated":true}]}}