{"id":3640,"date":"2021-08-28T05:39:30","date_gmt":"2021-08-28T12:39:30","guid":{"rendered":"https:\/\/providencestag.wpengine.com\/servicios-medicos\/"},"modified":"2026-04-10T14:41:59","modified_gmt":"2026-04-10T21:41:59","slug":"servicios-medicos","status":"publish","type":"page","link":"https:\/\/providencemedicalassociates.org\/es\/servicios-medicos\/","title":{"rendered":"Servicios m\u00e9dicos"},"content":{"rendered":"<p>[et_pb_section fb_built=\u00bb1&#8243; fullwidth=\u00bbon\u00bb _builder_version=\u00bb4.16&#8243; _module_preset=\u00bbdefault\u00bb locked=\u00bboff\u00bb collapsed=\u00bboff\u00bb global_colors_info=\u00bb{}\u00bb][et_pb_fullwidth_header title=\u00bbOpciones asistenciales para &lt;span class=&quot;%22italic&quot; color-green=&quot;&quot;&gt;toda la familia&lt;\/span&gt;\u00bb subhead=\u00bbM\u00e1s informaci\u00f3n sobre la amplia gama de cuidados que ofrece Providence Medical Associates\u00bb text_orientation=\u00bbcenter\u00bb admin_label=\u00bbHeader with Pattern\u00bb module_class=\u00bbtextured-fwh extended-content-width\u00bb _builder_version=\u00bb4.16&#8243; _module_preset=\u00bbdefault\u00bb background_color=\u00bb#f4f2e7&#8243; background_image=\u00bbhttps:\/\/providencemedicalassociates.org\/wp-content\/uploads\/\/2021\/09\/Pattern.svg\u00bb background_layout=\u00bblight\u00bb custom_padding=\u00bb31px||44px||false|false\u00bb global_colors_info=\u00bb{}\u00bb][\/et_pb_fullwidth_header][\/et_pb_section][et_pb_section fb_built=\u00bb1&#8243; specialty=\u00bbon\u00bb custom_padding_last_edited=\u00bbon|phone\u00bb admin_label=\u00bbPrimary Care\u00bb module_class=\u00bbprispec primary-care-section\u00bb _builder_version=\u00bb4.16&#8243; _module_preset=\u00bbdefault\u00bb custom_padding=\u00bb||0px||false|false\u00bb custom_padding_tablet=\u00bb||30px||false|false\u00bb custom_padding_phone=\u00bb\u00bb locked=\u00bboff\u00bb global_colors_info=\u00bb{}\u00bb][et_pb_column type=\u00bb1_2&#8243; _builder_version=\u00bb4.16&#8243; custom_padding=\u00bb|||\u00bb global_colors_info=\u00bb{}\u00bb custom_padding__hover=\u00bb|||\u00bb][et_pb_image src=\u00bbhttps:\/\/providencemedicalassociates.org\/wp-content\/uploads\/2021\/09\/adult-medicine-.jpg\u00bb title_text=\u00bbmedicina de adultos\u00bb module_class=\u00bbbackground-overlay\u00bb _builder_version=\u00bb4.16&#8243; _module_preset=\u00bbdefault\u00bb global_colors_info=\u00bb{}\u00bb][\/et_pb_image][\/et_pb_column][et_pb_column type=\u00bb1_2&#8243; specialty_columns=\u00bb2&#8243; _builder_version=\u00bb4.16&#8243; custom_padding=\u00bb|||\u00bb global_colors_info=\u00bb{}\u00bb custom_padding__hover=\u00bb|||\u00bb][et_pb_row_inner _builder_version=\u00bb4.16&#8243; _module_preset=\u00bbdefault\u00bb custom_padding=\u00bb||25px||false|false\u00bb global_colors_info=\u00bb{}\u00bb][et_pb_column_inner saved_specialty_column_type=\u00bb1_2&#8243; _builder_version=\u00bb4.16&#8243; _module_preset=\u00bbdefault\u00bb global_colors_info=\u00bb{}\u00bb][et_pb_text admin_label=\u00bbPrimary Care\u00bb module_class=\u00bbpri-spec-text-row\u00bb _builder_version=\u00bb4.16&#8243; _module_preset=\u00bbdefault\u00bb custom_padding=\u00bb||0px||false|false\u00bb global_colors_info=\u00bb{}\u00bb]<\/p>\n<h4>Atenci\u00f3n primaria<\/h4>\n<p>Providence Medical Associates ofrece una de las redes m\u00e1s extensas de especialistas de primer nivel del sur de California, muchos de los cuales tienen credenciales de centros m\u00e9dicos acad\u00e9micos o son considerados pioneros en su campo.[\/et_pb_text][\/et_pb_column_inner][\/et_pb_row_inner][et_pb_row_inner column_structure=\u00bb1_2,1_2&#8243; admin_label=\u00bbLists-button-row\u00bb module_class=\u00bblists-button-row\u00bb _builder_version=\u00bb4.16&#8243; _module_preset=\u00bbdefault\u00bb custom_padding=\u00bb0px||0px||true|false\u00bb global_colors_info=\u00bb{}\u00bb][et_pb_column_inner type=\u00bb1_2&#8243; saved_specialty_column_type=\u00bb1_2&#8243; _builder_version=\u00bb4.16&#8243; _module_preset=\u00bbdefault\u00bb global_colors_info=\u00bb{}\u00bb][et_pb_button button_url=\u00bb\/medical-services\/family-medicine\/\u00bb button_text=\u00bbMedicina de familia\u00bb admin_label=\u00bbFamily Medicine\u00bb _builder_version=\u00bb4.16&#8243; _module_preset=\u00bbdefault\u00bb global_colors_info=\u00bb{}\u00bb][\/et_pb_button][et_pb_button button_url=\u00bb\/medical-services\/ob-gyn\/\u00bb button_text=\u00bbGINECOLOG\u00cdA Y OBSTETRICIA\u00bb admin_label=\u00bbOB\/GYN\u00bb _builder_version=\u00bb4.16&#8243; _module_preset=\u00bbdefault\u00bb global_colors_info=\u00bb{}\u00bb][\/et_pb_button][et_pb_button button_url=\u00bbhttps:\/\/providencemedicalassociates.org\/es\/servicios-medicos\/atencion-urgente\/\u00bb button_text=\u00bbAtenci\u00f3n urgente\u00bb admin_label=\u00bbUrgent Care\u00bb _builder_version=\u00bb4.16&#8243; _module_preset=\u00bbdefault\u00bb global_colors_info=\u00bb{}\u00bb][\/et_pb_button][\/et_pb_column_inner][et_pb_column_inner type=\u00bb1_2&#8243; saved_specialty_column_type=\u00bb1_2&#8243; _builder_version=\u00bb4.16&#8243; _module_preset=\u00bbdefault\u00bb global_colors_info=\u00bb{}\u00bb][et_pb_button button_url=\u00bbhttps:\/\/providencemedicalassociates.org\/es\/servicios-medicos\/medicina-interna\/\u00bb button_text=\u00bbMedicina interna\u00bb admin_label=\u00bbInternal Medicine\u00bb _builder_version=\u00bb4.16&#8243; _module_preset=\u00bbdefault\u00bb global_colors_info=\u00bb{}\u00bb][\/et_pb_button][et_pb_button button_url=\u00bbhttps:\/\/providencemedicalassociates.org\/es\/servicios-medicos\/pediatria\/\u00bb button_text=\u00bbPediatr\u00eda\u00bb admin_label=\u00bbPediatrics\u00bb _builder_version=\u00bb4.16&#8243; _module_preset=\u00bbdefault\u00bb global_colors_info=\u00bb{}\u00bb][\/et_pb_button][et_pb_button button_url=\u00bbhttps:\/\/providencemedicalassociates.org\/es\/servicios-medicos\/salud-comunitaria\/\u00bb button_text=\u00bbSalud comunitaria\u00bb admin_label=\u00bbCommunity Health\u00bb _builder_version=\u00bb4.16&#8243; _module_preset=\u00bbdefault\u00bb global_colors_info=\u00bb{}\u00bb][\/et_pb_button][\/et_pb_column_inner][\/et_pb_row_inner][\/et_pb_column][\/et_pb_section][et_pb_section fb_built=\u00bb1&#8243; specialty=\u00bbon\u00bb custom_padding_last_edited=\u00bbon|desktop\u00bb module_class=\u00bbprispec specialty-care-section\u00bb _builder_version=\u00bb4.16&#8243; _module_preset=\u00bbdefault\u00bb custom_padding=\u00bb||0px||false|false\u00bb custom_padding_tablet=\u00bb0px||0px||true|false\u00bb custom_padding_phone=\u00bb\u00bb global_colors_info=\u00bb{}\u00bb][et_pb_column type=\u00bb1_2&#8243; specialty_columns=\u00bb2&#8243; _builder_version=\u00bb4.16&#8243; custom_padding=\u00bb|||\u00bb global_colors_info=\u00bb{}\u00bb custom_padding__hover=\u00bb|||\u00bb][et_pb_row_inner custom_padding_last_edited=\u00bbon|desktop\u00bb _builder_version=\u00bb4.16&#8243; _module_preset=\u00bbdefault\u00bb custom_padding=\u00bb||25px||false|false\u00bb custom_padding_tablet=\u00bb0px||||false|false\u00bb custom_padding_phone=\u00bb\u00bb global_colors_info=\u00bb{}\u00bb][et_pb_column_inner saved_specialty_column_type=\u00bb1_2&#8243; _builder_version=\u00bb4.16&#8243; _module_preset=\u00bbdefault\u00bb global_colors_info=\u00bb{}\u00bb][et_pb_text admin_label=\u00bbSpecialty Care\u00bb module_class=\u00bbpri-spec-text-row\u00bb _builder_version=\u00bb4.16&#8243; _module_preset=\u00bbdefault\u00bb custom_padding=\u00bb||0px||false|false\u00bb global_colors_info=\u00bb{}\u00bb]<\/p>\n<h4>Atenci\u00f3n especializada<\/h4>\n<p>Atenci\u00f3n personalizada, visitas en el mismo d\u00eda, todo ello en un entorno cl\u00e1sico de consulta privada. Desde los reci\u00e9n nacidos hasta los abuelos, tratamos a cada paciente como un miembro de nuestra familia, viendo al individuo y no s\u00f3lo los s\u00edntomas, trabajando juntos para construir una vida de bienestar.[\/et_pb_text][\/et_pb_column_inner][\/et_pb_row_inner][et_pb_row_inner column_structure=\u00bb1_2,1_2&#8243; admin_label=\u00bbLists-button-row\u00bb module_class=\u00bblists-button-row\u00bb _builder_version=\u00bb4.16&#8243; _module_preset=\u00bbdefault\u00bb custom_padding=\u00bb0px||0px||true|false\u00bb global_colors_info=\u00bb{}\u00bb][et_pb_column_inner type=\u00bb1_2&#8243; saved_specialty_column_type=\u00bb1_2&#8243; _builder_version=\u00bb4.16&#8243; _module_preset=\u00bbdefault\u00bb global_colors_info=\u00bb{}\u00bb][et_pb_button button_url=\u00bbhttps:\/\/providencemedicalassociates.org\/es\/servicios-medicos\/audiologia\/\u00bb button_text=\u00bbAudiolog\u00eda\u00bb admin_label=\u00bbAudiology\u00bb _builder_version=\u00bb4.16&#8243; _module_preset=\u00bbdefault\u00bb global_colors_info=\u00bb{}\u00bb][\/et_pb_button][et_pb_button button_url=\u00bbhttps:\/\/providencemedicalassociates.org\/es\/servicios-medicos\/dermatologia\/\u00bb button_text=\u00bbDermatolog\u00eda\u00bb admin_label=\u00bbDermatology\u00bb _builder_version=\u00bb4.16&#8243; _module_preset=\u00bbdefault\u00bb global_colors_info=\u00bb{}\u00bb][\/et_pb_button][et_pb_button button_url=\u00bbhttps:\/\/providencemedicalassociates.org\/es\/servicios-medicos\/gastroenterologia\/\u00bb button_text=\u00bbGastroenterolog\u00eda\u00bb admin_label=\u00bbGastroenterology\u00bb _builder_version=\u00bb4.16&#8243; _module_preset=\u00bbdefault\u00bb global_colors_info=\u00bb{}\u00bb][\/et_pb_button][et_pb_button button_url=\u00bbhttps:\/\/providencemedicalassociates.org\/es\/servicios-medicos\/otorrinolaringologia\/\u00bb button_text=\u00bbOtorrinolaringolog\u00eda\u00bb admin_label=\u00bbOtolaryngology\u00bb _builder_version=\u00bb4.16&#8243; _module_preset=\u00bbdefault\u00bb global_colors_info=\u00bb{}\u00bb][\/et_pb_button][et_pb_button button_url=\u00bbhttps:\/\/providencemedicalassociates.org\/es\/servicios-medicos\/reumatologia\/\u00bb button_text=\u00bbReumatolog\u00eda\u00bb admin_label=\u00bbRheumatology\u00bb _builder_version=\u00bb4.16&#8243; _module_preset=\u00bbdefault\u00bb global_colors_info=\u00bb{}\u00bb][\/et_pb_button][\/et_pb_column_inner][et_pb_column_inner type=\u00bb1_2&#8243; saved_specialty_column_type=\u00bb1_2&#8243; _builder_version=\u00bb4.16&#8243; _module_preset=\u00bbdefault\u00bb global_colors_info=\u00bb{}\u00bb][et_pb_button button_url=\u00bbhttps:\/\/providencemedicalassociates.org\/es\/servicios-medicos\/cardiologia\/\u00bb button_text=\u00bbCardiolog\u00eda\u00bb admin_label=\u00bbCardiology\u00bb _builder_version=\u00bb4.16&#8243; _module_preset=\u00bbdefault\u00bb global_colors_info=\u00bb{}\u00bb][\/et_pb_button][et_pb_button button_url=\u00bbhttps:\/\/providencemedicalassociates.org\/es\/servicios-medicos\/endocrinologia\/\u00bb button_text=\u00bbEndocrinolog\u00eda\u00bb admin_label=\u00bbEndocrinology\u00bb _builder_version=\u00bb4.16&#8243; _module_preset=\u00bbdefault\u00bb global_colors_info=\u00bb{}\u00bb][\/et_pb_button][et_pb_button button_url=\u00bbhttps:\/\/providencemedicalassociates.org\/es\/servicios-medicos\/neurologia\/\u00bb button_text=\u00bbNeurolog\u00eda\u00bb admin_label=\u00bbNeurology\u00bb _builder_version=\u00bb4.16&#8243; _module_preset=\u00bbdefault\u00bb global_colors_info=\u00bb{}\u00bb][\/et_pb_button][et_pb_button button_url=\u00bbhttps:\/\/providencemedicalassociates.org\/es\/servicios-medicos\/oftalmologia\/\u00bb button_text=\u00bbOftalmolog\u00eda\u00bb admin_label=\u00bbOphthalmology\u00bb _builder_version=\u00bb4.16&#8243; _module_preset=\u00bbdefault\u00bb global_colors_info=\u00bb{}\u00bb][\/et_pb_button][et_pb_button button_url=\u00bbhttps:\/\/providencemedicalassociates.org\/es\/servicios-medicos\/podologia\/\u00bb button_text=\u00bbPodolog\u00eda\u00bb admin_label=\u00bbPodiatry\u00bb _builder_version=\u00bb4.16&#8243; _module_preset=\u00bbdefault\u00bb global_colors_info=\u00bb{}\u00bb][\/et_pb_button][et_pb_button button_url=\u00bbhttps:\/\/providencemedicalassociates.org\/es\/servicios-medicos\/medicina-deportiva\/\u00bb button_text=\u00bbMedicina deportiva Ortopedia no quir\u00fargica\u00bb admin_label=\u00bbSports Medicine\u00bb _builder_version=\u00bb4.27.4&#8243; _module_preset=\u00bbdefault\u00bb hover_enabled=\u00bb0&#8243; global_colors_info=\u00bb{}\u00bb custom_css_free_form=\u00bb.two-line-btn {||  white-space: normal;||}||.two-line-btn .et_pb_button::after {||  content: %22%22;||}||.two-line-btn .et_pb_button {||  line-height: 1.3;||}\u00bb sticky_enabled=\u00bb0&#8243; module_class=\u00bbtwo-line-btn\u00bb][\/et_pb_button][\/et_pb_column_inner][\/et_pb_row_inner][\/et_pb_column][et_pb_column type=\u00bb1_2&#8243; _builder_version=\u00bb4.16&#8243; custom_padding=\u00bb|||\u00bb global_colors_info=\u00bb{}\u00bb custom_padding__hover=\u00bb|||\u00bb][et_pb_image src=\u00bbhttps:\/\/providencemedicalassociates.org\/wp-content\/uploads\/2021\/08\/Specialty-Care.jpg\u00bb title_text=\u00bbAtenci\u00f3n especializada\u00bb module_class=\u00bbbackground-overlay\u00bb _builder_version=\u00bb4.16&#8243; _module_preset=\u00bbdefault\u00bb global_colors_info=\u00bb{}\u00bb][\/et_pb_image][\/et_pb_column][\/et_pb_section][et_pb_section fb_built=\u00bb1&#8243; custom_padding_last_edited=\u00bbon|tablet\u00bb admin_label=\u00bbFind a Doctor | Urgent Care\u00bb module_class=\u00bbhalf-cta-with-bg-section\u00bb _builder_version=\u00bb4.16&#8243; _module_preset=\u00bbdefault\u00bb custom_margin=\u00bb||0px||false|false\u00bb custom_padding=\u00bb||0px||false|false\u00bb custom_padding_tablet=\u00bb0px||0px||true|false\u00bb custom_padding_phone=\u00bb\u00bb global_colors_info=\u00bb{}\u00bb][et_pb_row column_structure=\u00bb1_2,1_2&#8243; use_custom_gutter=\u00bbon\u00bb gutter_width=\u00bb1&#8243; make_equal=\u00bbon\u00bb admin_label=\u00bbFila\u00bb _builder_version=\u00bb4.16&#8243; _module_preset=\u00bbdefault\u00bb width=\u00bb100%\u00bb max_width=\u00bb100%\u00bb custom_margin=\u00bb||0px||false|false\u00bb custom_padding=\u00bb||0px||false|false\u00bb global_colors_info=\u00bb{}\u00bb][et_pb_column type=\u00bb1_2&#8243; module_class=\u00bbfind-doctor-col\u00bb _builder_version=\u00bb4.16&#8243; _module_preset=\u00bbdefault\u00bb background_color=\u00bbrgba(51,92,164,0.75)\u00bb background_enable_image=\u00bboff\u00bb background_blend=\u00bboverlay\u00bb global_colors_info=\u00bb{}\u00bb][et_pb_cta title=\u00bbBusca un m\u00e9dico\u00bb button_url=\u00bbhttps:\/\/providencemedicalassociates.org\/es\/servicios-medicos\/\u00bb button_text=\u00bbM\u00e1s informaci\u00f3n\u00bb admin_label=\u00bbBusca un m\u00e9dico\u00bb module_class=\u00bbfind-a-doctor\u00bb _builder_version=\u00bb4.16&#8243; _module_preset=\u00bbdefault\u00bb use_background_color=\u00bboff\u00bb text_orientation=\u00bbleft\u00bb global_colors_info=\u00bb{}\u00bb]Busque entre m\u00e1s de 100 proveedores de atenci\u00f3n sanitaria y programe una cita en persona o por telesalud.[\/et_pb_cta][\/et_pb_column][et_pb_column type=\u00bb1_2&#8243; module_class=\u00bburgent-care-col\u00bb _builder_version=\u00bb4.16&#8243; _module_preset=\u00bbdefault\u00bb background_color=\u00bbrgba(97,161,88,0.75)\u00bb background_enable_image=\u00bboff\u00bb background_blend=\u00bboverlay\u00bb global_colors_info=\u00bb{}\u00bb][et_pb_cta title=\u00bbAtenci\u00f3n urgente\u00bb button_url=\u00bbhttps:\/\/providencemedicalassociates.org\/es\/atencion-urgente\/\u00bb button_text=\u00bbM\u00e1s informaci\u00f3n\u00bb admin_label=\u00bbAtenci\u00f3n urgente\u00bb module_class=\u00bburgent-care\u00bb _builder_version=\u00bb4.16&#8243; _module_preset=\u00bbdefault\u00bb use_background_color=\u00bboff\u00bb text_orientation=\u00bbleft\u00bb global_colors_info=\u00bb{}\u00bb]<\/p>\n<p>Desde esguinces y resfriados hasta golpes y contusiones, nuestros m\u00e9dicos est\u00e1n preparados para prestarte la atenci\u00f3n que necesites sin cita previa.<\/p>\n<p>[\/et_pb_cta][\/et_pb_column][\/et_pb_row][\/et_pb_section]<\/p>\n","protected":false},"excerpt":{"rendered":"<p>Atenci\u00f3n primaria Providence Medical Associates ofrece una de las redes m\u00e1s extensas de especialistas de primer nivel del sur de California, muchos de los cuales tienen credenciales de centros m\u00e9dicos acad\u00e9micos o son considerados pioneros en su campo.Atenci\u00f3n especializada Atenci\u00f3n personalizada, visitas en el mismo d\u00eda, todo ello en un entorno cl\u00e1sico de consulta privada. [&hellip;]<\/p>\n","protected":false},"author":1,"featured_media":0,"parent":0,"menu_order":0,"comment_status":"closed","ping_status":"closed","template":"","meta":{"_acf_changed":false,"_et_pb_use_builder":"on","_et_pb_old_content":"","_et_gb_content_width":"","inline_featured_image":false,"_lmt_disableupdate":"","_lmt_disable":"","footnotes":""},"class_list":["post-3640","page","type-page","status-publish","hentry"],"acf":[],"yoast_head":"<!-- This site is optimized with the Yoast SEO Premium plugin v27.5 (Yoast SEO v27.6) - https:\/\/yoast.com\/product\/yoast-seo-premium-wordpress\/ -->\n<title>Encuentra especialistas m\u00e9dicos cerca de m\u00ed en South Bay, Los Angeles - Providence Medical Associates<\/title>\n<meta name=\"description\" content=\"\u00bfBuscas un especialista en el sur de California? Busca m\u00e1s de 100 proveedores de Providence Medical Associates por especialidad y encuentra opciones de atenci\u00f3n para toda tu familia.\" \/>\n<meta name=\"robots\" content=\"index, follow, max-snippet:-1, max-image-preview:large, max-video-preview:-1\" \/>\n<link rel=\"canonical\" href=\"https:\/\/providencemedicalassociates.org\/es\/servicios-medicos\/\" \/>\n<meta property=\"og:locale\" content=\"es_ES\" \/>\n<meta property=\"og:type\" content=\"article\" \/>\n<meta property=\"og:title\" content=\"Servicios m\u00e9dicos\" \/>\n<meta property=\"og:description\" content=\"\u00bfBuscas un especialista en el sur de California? Busca m\u00e1s de 100 proveedores de Providence Medical Associates por especialidad y encuentra opciones de atenci\u00f3n para toda tu familia.\" \/>\n<meta property=\"og:url\" content=\"https:\/\/providencemedicalassociates.org\/es\/servicios-medicos\/\" \/>\n<meta property=\"og:site_name\" content=\"Providence Medical Associates\" \/>\n<meta property=\"article:modified_time\" content=\"2026-04-10T21:41:59+00:00\" \/>\n<meta name=\"twitter:card\" content=\"summary_large_image\" \/>\n<meta name=\"twitter:label1\" content=\"Tiempo de lectura\" \/>\n\t<meta name=\"twitter:data1\" content=\"8 minutos\" \/>\n<script type=\"application\/ld+json\" class=\"yoast-schema-graph\">{\"@context\":\"https:\\\/\\\/schema.org\",\"@graph\":[{\"@type\":\"WebPage\",\"@id\":\"https:\\\/\\\/providencemedicalassociates.org\\\/es\\\/servicios-medicos\\\/\",\"url\":\"https:\\\/\\\/providencemedicalassociates.org\\\/es\\\/servicios-medicos\\\/\",\"name\":\"Encuentra especialistas m\u00e9dicos cerca de m\u00ed en South Bay, Los Angeles - Providence Medical Associates\",\"isPartOf\":{\"@id\":\"https:\\\/\\\/providencemedicalassociates.org\\\/es\\\/#website\"},\"datePublished\":\"2021-08-28T12:39:30+00:00\",\"dateModified\":\"2026-04-10T21:41:59+00:00\",\"description\":\"\u00bfBuscas un especialista en el sur de California? Busca m\u00e1s de 100 proveedores de Providence Medical Associates por especialidad y encuentra opciones de atenci\u00f3n para toda tu familia.\",\"breadcrumb\":{\"@id\":\"https:\\\/\\\/providencemedicalassociates.org\\\/es\\\/servicios-medicos\\\/#breadcrumb\"},\"inLanguage\":\"es\",\"potentialAction\":[{\"@type\":\"ReadAction\",\"target\":[\"https:\\\/\\\/providencemedicalassociates.org\\\/es\\\/servicios-medicos\\\/\"]}]},{\"@type\":\"BreadcrumbList\",\"@id\":\"https:\\\/\\\/providencemedicalassociates.org\\\/es\\\/servicios-medicos\\\/#breadcrumb\",\"itemListElement\":[{\"@type\":\"ListItem\",\"position\":1,\"name\":\"Home\",\"item\":\"https:\\\/\\\/providencemedicalassociates.org\\\/es\\\/\"},{\"@type\":\"ListItem\",\"position\":2,\"name\":\"Servicios m\u00e9dicos\"}]},{\"@type\":\"WebSite\",\"@id\":\"https:\\\/\\\/providencemedicalassociates.org\\\/es\\\/#website\",\"url\":\"https:\\\/\\\/providencemedicalassociates.org\\\/es\\\/\",\"name\":\"Providence Medical Associates\",\"description\":\"Health for a Better World\",\"publisher\":{\"@id\":\"https:\\\/\\\/providencemedicalassociates.org\\\/es\\\/#organization\"},\"potentialAction\":[{\"@type\":\"SearchAction\",\"target\":{\"@type\":\"EntryPoint\",\"urlTemplate\":\"https:\\\/\\\/providencemedicalassociates.org\\\/es\\\/?s={search_term_string}\"},\"query-input\":{\"@type\":\"PropertyValueSpecification\",\"valueRequired\":true,\"valueName\":\"search_term_string\"}}],\"inLanguage\":\"es\"},{\"@type\":\"Organization\",\"@id\":\"https:\\\/\\\/providencemedicalassociates.org\\\/es\\\/#organization\",\"name\":\"Providence Medical Associates\",\"url\":\"https:\\\/\\\/providencemedicalassociates.org\\\/es\\\/\",\"logo\":{\"@type\":\"ImageObject\",\"inLanguage\":\"es\",\"@id\":\"https:\\\/\\\/providencemedicalassociates.org\\\/es\\\/#\\\/schema\\\/logo\\\/image\\\/\",\"url\":\"https:\\\/\\\/providencemedicalassociates.org\\\/wp-content\\\/uploads\\\/2021\\\/10\\\/PMA-Logo.png\",\"contentUrl\":\"https:\\\/\\\/providencemedicalassociates.org\\\/wp-content\\\/uploads\\\/2021\\\/10\\\/PMA-Logo.png\",\"width\":192,\"height\":192,\"caption\":\"Providence Medical Associates\"},\"image\":{\"@id\":\"https:\\\/\\\/providencemedicalassociates.org\\\/es\\\/#\\\/schema\\\/logo\\\/image\\\/\"},\"sameAs\":[\"https:\\\/\\\/www.youtube.com\\\/channel\\\/UC1F5VwwTd9mUIicIkjNxz7w\"]}]}<\/script>\n<!-- \/ Yoast SEO Premium plugin. -->","yoast_head_json":{"title":"Encuentra especialistas m\u00e9dicos cerca de m\u00ed en South Bay, Los Angeles - Providence Medical Associates","description":"\u00bfBuscas un especialista en el sur de California? Busca m\u00e1s de 100 proveedores de Providence Medical Associates por especialidad y encuentra opciones de atenci\u00f3n para toda tu familia.","robots":{"index":"index","follow":"follow","max-snippet":"max-snippet:-1","max-image-preview":"max-image-preview:large","max-video-preview":"max-video-preview:-1"},"canonical":"https:\/\/providencemedicalassociates.org\/es\/servicios-medicos\/","og_locale":"es_ES","og_type":"article","og_title":"Servicios m\u00e9dicos","og_description":"\u00bfBuscas un especialista en el sur de California? Busca m\u00e1s de 100 proveedores de Providence Medical Associates por especialidad y encuentra opciones de atenci\u00f3n para toda tu familia.","og_url":"https:\/\/providencemedicalassociates.org\/es\/servicios-medicos\/","og_site_name":"Providence Medical Associates","article_modified_time":"2026-04-10T21:41:59+00:00","twitter_card":"summary_large_image","twitter_misc":{"Tiempo de lectura":"8 minutos"},"schema":{"@context":"https:\/\/schema.org","@graph":[{"@type":"WebPage","@id":"https:\/\/providencemedicalassociates.org\/es\/servicios-medicos\/","url":"https:\/\/providencemedicalassociates.org\/es\/servicios-medicos\/","name":"Encuentra especialistas m\u00e9dicos cerca de m\u00ed en South Bay, Los Angeles - Providence Medical Associates","isPartOf":{"@id":"https:\/\/providencemedicalassociates.org\/es\/#website"},"datePublished":"2021-08-28T12:39:30+00:00","dateModified":"2026-04-10T21:41:59+00:00","description":"\u00bfBuscas un especialista en el sur de California? Busca m\u00e1s de 100 proveedores de Providence Medical Associates por especialidad y encuentra opciones de atenci\u00f3n para toda tu familia.","breadcrumb":{"@id":"https:\/\/providencemedicalassociates.org\/es\/servicios-medicos\/#breadcrumb"},"inLanguage":"es","potentialAction":[{"@type":"ReadAction","target":["https:\/\/providencemedicalassociates.org\/es\/servicios-medicos\/"]}]},{"@type":"BreadcrumbList","@id":"https:\/\/providencemedicalassociates.org\/es\/servicios-medicos\/#breadcrumb","itemListElement":[{"@type":"ListItem","position":1,"name":"Home","item":"https:\/\/providencemedicalassociates.org\/es\/"},{"@type":"ListItem","position":2,"name":"Servicios m\u00e9dicos"}]},{"@type":"WebSite","@id":"https:\/\/providencemedicalassociates.org\/es\/#website","url":"https:\/\/providencemedicalassociates.org\/es\/","name":"Providence Medical Associates","description":"Health for a Better World","publisher":{"@id":"https:\/\/providencemedicalassociates.org\/es\/#organization"},"potentialAction":[{"@type":"SearchAction","target":{"@type":"EntryPoint","urlTemplate":"https:\/\/providencemedicalassociates.org\/es\/?s={search_term_string}"},"query-input":{"@type":"PropertyValueSpecification","valueRequired":true,"valueName":"search_term_string"}}],"inLanguage":"es"},{"@type":"Organization","@id":"https:\/\/providencemedicalassociates.org\/es\/#organization","name":"Providence Medical Associates","url":"https:\/\/providencemedicalassociates.org\/es\/","logo":{"@type":"ImageObject","inLanguage":"es","@id":"https:\/\/providencemedicalassociates.org\/es\/#\/schema\/logo\/image\/","url":"https:\/\/providencemedicalassociates.org\/wp-content\/uploads\/2021\/10\/PMA-Logo.png","contentUrl":"https:\/\/providencemedicalassociates.org\/wp-content\/uploads\/2021\/10\/PMA-Logo.png","width":192,"height":192,"caption":"Providence Medical Associates"},"image":{"@id":"https:\/\/providencemedicalassociates.org\/es\/#\/schema\/logo\/image\/"},"sameAs":["https:\/\/www.youtube.com\/channel\/UC1F5VwwTd9mUIicIkjNxz7w"]}]}},"_links":{"self":[{"href":"https:\/\/providencemedicalassociates.org\/es\/wp-json\/wp\/v2\/pages\/3640","targetHints":{"allow":["GET"]}}],"collection":[{"href":"https:\/\/providencemedicalassociates.org\/es\/wp-json\/wp\/v2\/pages"}],"about":[{"href":"https:\/\/providencemedicalassociates.org\/es\/wp-json\/wp\/v2\/types\/page"}],"author":[{"embeddable":true,"href":"https:\/\/providencemedicalassociates.org\/es\/wp-json\/wp\/v2\/users\/1"}],"replies":[{"embeddable":true,"href":"https:\/\/providencemedicalassociates.org\/es\/wp-json\/wp\/v2\/comments?post=3640"}],"version-history":[{"count":0,"href":"https:\/\/providencemedicalassociates.org\/es\/wp-json\/wp\/v2\/pages\/3640\/revisions"}],"wp:attachment":[{"href":"https:\/\/providencemedicalassociates.org\/es\/wp-json\/wp\/v2\/media?parent=3640"}],"curies":[{"name":"wp","href":"https:\/\/api.w.org\/{rel}","templated":true}]}}