{"id":3651,"date":"2021-09-19T22:24:09","date_gmt":"2021-09-20T05:24:09","guid":{"rendered":"https:\/\/providencestag.wpengine.com\/servicios-medicos\/salud-comunitaria\/"},"modified":"2026-04-10T14:16:40","modified_gmt":"2026-04-10T21:16:40","slug":"salud-comunitaria","status":"publish","type":"page","link":"https:\/\/providencemedicalassociates.org\/es\/servicios-medicos\/salud-comunitaria\/","title":{"rendered":"Salud comunitaria"},"content":{"rendered":"<p>[et_pb_section fb_built=\u00bb1&#8243; custom_padding_last_edited=\u00bbon|desktop\u00bb module_class=\u00bbspecialty-care-section\u00bb _builder_version=\u00bb4.16&#8243; _module_preset=\u00bbdefault\u00bb custom_padding=\u00bb69px||19px||false|false\u00bb custom_padding_tablet=\u00bb5px||||false|false\u00bb custom_padding_phone=\u00bb\u00bb global_colors_info=\u00bb{}\u00bb][et_pb_row column_structure=\u00bb1_2,1_2&#8243; _builder_version=\u00bb4.16&#8243; _module_preset=\u00bbdefault\u00bb global_colors_info=\u00bb{}\u00bb][et_pb_column type=\u00bb1_2&#8243; _builder_version=\u00bb4.16&#8243; _module_preset=\u00bbdefault\u00bb global_colors_info=\u00bb{}\u00bb][et_pb_text _builder_version=\u00bb4.27.4&#8243; _module_preset=\u00bbdefault\u00bb global_colors_info=\u00bb{}\u00bb]<\/p>\n<h4>Salud comunitaria<\/h4>\n<p><a href=\"https:\/\/providencemedicalassociates.org\/es\/locations\/clinica-de-salud-vasek-polak\/\">La Cl\u00ednica de Salud Vasek Polak<\/a> atiende las necesidades de atenci\u00f3n primaria de los adultos sin seguro o con seguro insuficiente que viven en la comunidad de South Bay. Es una alternativa adecuada a la atenci\u00f3n en urgencias para afecciones no urgentes y un \u00abhogar m\u00e9dico\u00bb sobre todo para adultos con afecciones cr\u00f3nicas como diabetes e hipertensi\u00f3n. No aceptamos seguros, es una cl\u00ednica de pago en efectivo.   Las visitas al consultorio cuestan 50 d\u00f3lares.<\/p>\n<p>[\/et_pb_text][\/et_pb_column][et_pb_column type=\u00bb1_2&#8243; _builder_version=\u00bb4.16&#8243; _module_preset=\u00bbdefault\u00bb global_colors_info=\u00bb{}\u00bb][et_pb_image src=\u00bbhttps:\/\/providencemedicalassociates.org\/wp-content\/uploads\/2021\/09\/community-health.jpg\u00bb title_text=\u00bbsalud comunitaria\u00bb module_class=\u00bbbackground-overlay\u00bb _builder_version=\u00bb4.16&#8243; _module_preset=\u00bbdefault\u00bb global_colors_info=\u00bb{}\u00bb][\/et_pb_image][\/et_pb_column][\/et_pb_row][\/et_pb_section][et_pb_section fb_built=\u00bb1&#8243; disabled_on=\u00bbon|on|on\u00bb admin_label=\u00bbMedicare\u00bb module_class=\u00bbmedicare-callout-section\u00bb _builder_version=\u00bb4.16&#8243; _module_preset=\u00bbdefault\u00bb custom_padding=\u00bb80px||100px||false|false\u00bb disabled=\u00bbon\u00bb saved_tabs=\u00bball\u00bb locked=\u00bboff\u00bb global_colors_info=\u00bb{}\u00bb][et_pb_row column_structure=\u00bb2_5,3_5&#8243; use_custom_gutter=\u00bbon\u00bb gutter_width=\u00bb1&#8243; make_equal=\u00bbon\u00bb admin_label=\u00bbMedicare\u00bb _builder_version=\u00bb4.16&#8243; _module_preset=\u00bbdefault\u00bb custom_padding=\u00bb0px|0px|0px|0px|false|false\u00bb border_width_all=\u00bb1px\u00bb border_color_all=\u00bb#d1d1d1&#8243; global_colors_info=\u00bb{}\u00bb][et_pb_column type=\u00bb2_5&#8243; module_class=\u00bbimage\u00bb _builder_version=\u00bb4.16&#8243; _module_preset=\u00bbdefault\u00bb background_image=\u00bbhttps:\/\/providencemedicalassociates.org\/wp-content\/uploads\/2021\/08\/Medicare-Optional-Block.jpg\u00bb global_colors_info=\u00bb{}\u00bb][et_pb_image src=\u00bbhttps:\/\/providencemedicalassociates.org\/wp-content\/uploads\/2021\/08\/Medicare-Optional-Block.jpg\u00bb title_text=\u00bbMedicare (bloque opcional)\u00bb disabled_on=\u00bboff|off|on\u00bb admin_label=\u00bbImage\u00bb _builder_version=\u00bb4.16&#8243; _module_preset=\u00bbdefault\u00bb global_colors_info=\u00bb{}\u00bb][\/et_pb_image][\/et_pb_column][et_pb_column type=\u00bb3_5&#8243; module_class=\u00bbcallout\u00bb _builder_version=\u00bb4.16&#8243; _module_preset=\u00bbdefault\u00bb custom_padding=\u00bb50px|50px|50px|50px|false|false\u00bb global_colors_info=\u00bb{}\u00bb][et_pb_cta title=\u00bbPeriodo de inscripci\u00f3n anual a Medicare 2021&#8243; button_url=\u00bbhttps:\/\/providencemedicalassociates.org\/es\/medicare\/\u00bb button_text=\u00bbM\u00e1s informaci\u00f3n\u00bb admin_label=\u00bbTexto Medicare\u00bb _builder_version=\u00bb4.16&#8243; _module_preset=\u00bbdefault\u00bb header_level=\u00bbh3&#8243; use_background_color=\u00bboff\u00bb text_orientation=\u00bbleft\u00bb background_layout=\u00bblight\u00bb global_colors_info=\u00bb{}\u00bb]<\/p>\n<p class=\"callout_text\">Durante el Periodo de Afiliaci\u00f3n Anual a Medicare, tambi\u00e9n conocido como Periodo de Elecci\u00f3n Anual, puedes hacer cambios en tu cobertura actual de Medicare. El Periodo de Afiliaci\u00f3n Anual a Medicare, o AEP, va del 15 de octubre al 7 de diciembre de 2021. <\/p>\n<p>[\/et_pb_cta][\/et_pb_column][\/et_pb_row][\/et_pb_section][et_pb_section fb_built=\u00bb1&#8243; custom_padding_last_edited=\u00bbon|tablet\u00bb admin_label=\u00bbFind a Doctor | Urgent Care\u00bb module_class=\u00bbhalf-cta-with-bg-section\u00bb _builder_version=\u00bb4.16&#8243; _module_preset=\u00bbdefault\u00bb custom_margin=\u00bb||0px||false|false\u00bb custom_padding=\u00bb||0px||false|false\u00bb custom_padding_tablet=\u00bb0px||0px||true|false\u00bb custom_padding_phone=\u00bb\u00bb global_colors_info=\u00bb{}\u00bb][et_pb_row column_structure=\u00bb1_2,1_2&#8243; use_custom_gutter=\u00bbon\u00bb gutter_width=\u00bb1&#8243; make_equal=\u00bbon\u00bb admin_label=\u00bbFila\u00bb _builder_version=\u00bb4.16&#8243; _module_preset=\u00bbdefault\u00bb width=\u00bb100%\u00bb max_width=\u00bb100%\u00bb custom_margin=\u00bb||0px||false|false\u00bb custom_padding=\u00bb||0px||false|false\u00bb global_colors_info=\u00bb{}\u00bb][et_pb_column type=\u00bb1_2&#8243; module_class=\u00bbfind-doctor-col\u00bb _builder_version=\u00bb4.16&#8243; _module_preset=\u00bbdefault\u00bb background_color=\u00bbrgba(51,92,164,0.75)\u00bb background_enable_image=\u00bboff\u00bb background_blend=\u00bboverlay\u00bb global_colors_info=\u00bb{}\u00bb][et_pb_cta title=\u00bbBusca un m\u00e9dico\u00bb button_url=\u00bbhttps:\/\/providencemedicalassociates.org\/es\/servicios-medicos\/\u00bb button_text=\u00bbM\u00e1s informaci\u00f3n\u00bb admin_label=\u00bbBusca un m\u00e9dico\u00bb module_class=\u00bbfind-a-doctor\u00bb _builder_version=\u00bb4.16&#8243; _module_preset=\u00bbdefault\u00bb use_background_color=\u00bboff\u00bb text_orientation=\u00bbleft\u00bb global_colors_info=\u00bb{}\u00bb]Busque entre m\u00e1s de 100 proveedores de atenci\u00f3n sanitaria y programe una cita en persona o por telesalud.[\/et_pb_cta][\/et_pb_column][et_pb_column type=\u00bb1_2&#8243; module_class=\u00bburgent-care-col\u00bb _builder_version=\u00bb4.16&#8243; _module_preset=\u00bbdefault\u00bb background_color=\u00bbrgba(97,161,88,0.75)\u00bb background_enable_image=\u00bboff\u00bb background_blend=\u00bboverlay\u00bb global_colors_info=\u00bb{}\u00bb][et_pb_cta title=\u00bbAtenci\u00f3n urgente\u00bb button_url=\u00bbhttps:\/\/providencemedicalassociates.org\/es\/atencion-urgente\/\u00bb button_text=\u00bbM\u00e1s informaci\u00f3n\u00bb admin_label=\u00bbAtenci\u00f3n urgente\u00bb module_class=\u00bburgent-care\u00bb _builder_version=\u00bb4.16&#8243; _module_preset=\u00bbdefault\u00bb use_background_color=\u00bboff\u00bb text_orientation=\u00bbleft\u00bb global_colors_info=\u00bb{}\u00bb]<\/p>\n<p>Desde esguinces y resfriados hasta golpes y contusiones, nuestros m\u00e9dicos est\u00e1n preparados para prestarte la atenci\u00f3n que necesites sin cita previa.<\/p>\n<p>[\/et_pb_cta][\/et_pb_column][\/et_pb_row][\/et_pb_section]<\/p>\n","protected":false},"excerpt":{"rendered":"<p>Salud comunitaria La Cl\u00ednica de Salud Vasek Polak atiende las necesidades de atenci\u00f3n primaria de los adultos sin seguro o con seguro insuficiente que viven en la comunidad de South Bay. Es una alternativa adecuada a la atenci\u00f3n en urgencias para afecciones no urgentes y un \u00abhogar m\u00e9dico\u00bb sobre todo para adultos con afecciones cr\u00f3nicas [&hellip;]<\/p>\n","protected":false},"author":1,"featured_media":0,"parent":3640,"menu_order":0,"comment_status":"closed","ping_status":"closed","template":"","meta":{"_acf_changed":false,"_et_pb_use_builder":"on","_et_pb_old_content":"","_et_gb_content_width":"","inline_featured_image":false,"_lmt_disableupdate":"","_lmt_disable":"","footnotes":""},"class_list":["post-3651","page","type-page","status-publish","hentry"],"acf":[],"yoast_head":"<!-- This site is optimized with the Yoast SEO Premium plugin v27.3 (Yoast SEO v27.4) - https:\/\/yoast.com\/product\/yoast-seo-premium-wordpress\/ -->\n<title>Salud comunitaria - Providence Medical Associates<\/title>\n<meta name=\"robots\" content=\"index, follow, max-snippet:-1, max-image-preview:large, max-video-preview:-1\" \/>\n<link rel=\"canonical\" href=\"https:\/\/providencemedicalassociates.org\/es\/servicios-medicos\/salud-comunitaria\/\" \/>\n<meta property=\"og:locale\" content=\"es_ES\" \/>\n<meta property=\"og:type\" content=\"article\" \/>\n<meta property=\"og:title\" content=\"Salud comunitaria\" \/>\n<meta property=\"og:description\" content=\"Salud comunitaria La Cl\u00ednica de Salud Vasek Polak atiende las necesidades de atenci\u00f3n primaria de los adultos sin seguro o con seguro insuficiente que viven en la comunidad de South Bay. Es una alternativa adecuada a la atenci\u00f3n en urgencias para afecciones no urgentes y un &quot;hogar m\u00e9dico&quot; sobre todo para adultos con afecciones cr\u00f3nicas [&hellip;]\" \/>\n<meta property=\"og:url\" content=\"https:\/\/providencemedicalassociates.org\/es\/servicios-medicos\/salud-comunitaria\/\" \/>\n<meta property=\"og:site_name\" content=\"Providence Medical Associates\" \/>\n<meta property=\"article:modified_time\" content=\"2026-04-10T21:16:40+00:00\" \/>\n<meta name=\"twitter:card\" content=\"summary_large_image\" \/>\n<meta name=\"twitter:label1\" content=\"Tiempo de lectura\" \/>\n\t<meta name=\"twitter:data1\" content=\"4 minutos\" \/>\n<script type=\"application\/ld+json\" class=\"yoast-schema-graph\">{\"@context\":\"https:\\\/\\\/schema.org\",\"@graph\":[{\"@type\":\"WebPage\",\"@id\":\"https:\\\/\\\/providencemedicalassociates.org\\\/es\\\/servicios-medicos\\\/salud-comunitaria\\\/\",\"url\":\"https:\\\/\\\/providencemedicalassociates.org\\\/es\\\/servicios-medicos\\\/salud-comunitaria\\\/\",\"name\":\"Salud comunitaria - Providence Medical Associates\",\"isPartOf\":{\"@id\":\"https:\\\/\\\/providencemedicalassociates.org\\\/es\\\/#website\"},\"datePublished\":\"2021-09-20T05:24:09+00:00\",\"dateModified\":\"2026-04-10T21:16:40+00:00\",\"breadcrumb\":{\"@id\":\"https:\\\/\\\/providencemedicalassociates.org\\\/es\\\/servicios-medicos\\\/salud-comunitaria\\\/#breadcrumb\"},\"inLanguage\":\"es\",\"potentialAction\":[{\"@type\":\"ReadAction\",\"target\":[\"https:\\\/\\\/providencemedicalassociates.org\\\/es\\\/servicios-medicos\\\/salud-comunitaria\\\/\"]}]},{\"@type\":\"BreadcrumbList\",\"@id\":\"https:\\\/\\\/providencemedicalassociates.org\\\/es\\\/servicios-medicos\\\/salud-comunitaria\\\/#breadcrumb\",\"itemListElement\":[{\"@type\":\"ListItem\",\"position\":1,\"name\":\"Home\",\"item\":\"https:\\\/\\\/providencemedicalassociates.org\\\/es\\\/\"},{\"@type\":\"ListItem\",\"position\":2,\"name\":\"Servicios m\u00e9dicos\",\"item\":\"https:\\\/\\\/providencemedicalassociates.org\\\/es\\\/servicios-medicos\\\/\"},{\"@type\":\"ListItem\",\"position\":3,\"name\":\"Salud comunitaria\"}]},{\"@type\":\"WebSite\",\"@id\":\"https:\\\/\\\/providencemedicalassociates.org\\\/es\\\/#website\",\"url\":\"https:\\\/\\\/providencemedicalassociates.org\\\/es\\\/\",\"name\":\"Providence Medical Associates\",\"description\":\"Health for a Better World\",\"publisher\":{\"@id\":\"https:\\\/\\\/providencemedicalassociates.org\\\/es\\\/#organization\"},\"potentialAction\":[{\"@type\":\"SearchAction\",\"target\":{\"@type\":\"EntryPoint\",\"urlTemplate\":\"https:\\\/\\\/providencemedicalassociates.org\\\/es\\\/?s={search_term_string}\"},\"query-input\":{\"@type\":\"PropertyValueSpecification\",\"valueRequired\":true,\"valueName\":\"search_term_string\"}}],\"inLanguage\":\"es\"},{\"@type\":\"Organization\",\"@id\":\"https:\\\/\\\/providencemedicalassociates.org\\\/es\\\/#organization\",\"name\":\"Providence Medical Associates\",\"url\":\"https:\\\/\\\/providencemedicalassociates.org\\\/es\\\/\",\"logo\":{\"@type\":\"ImageObject\",\"inLanguage\":\"es\",\"@id\":\"https:\\\/\\\/providencemedicalassociates.org\\\/es\\\/#\\\/schema\\\/logo\\\/image\\\/\",\"url\":\"https:\\\/\\\/providencemedicalassociates.org\\\/wp-content\\\/uploads\\\/2021\\\/10\\\/PMA-Logo.png\",\"contentUrl\":\"https:\\\/\\\/providencemedicalassociates.org\\\/wp-content\\\/uploads\\\/2021\\\/10\\\/PMA-Logo.png\",\"width\":192,\"height\":192,\"caption\":\"Providence Medical Associates\"},\"image\":{\"@id\":\"https:\\\/\\\/providencemedicalassociates.org\\\/es\\\/#\\\/schema\\\/logo\\\/image\\\/\"},\"sameAs\":[\"https:\\\/\\\/www.youtube.com\\\/channel\\\/UC1F5VwwTd9mUIicIkjNxz7w\"]}]}<\/script>\n<!-- \/ Yoast SEO Premium plugin. -->","yoast_head_json":{"title":"Salud comunitaria - Providence Medical Associates","robots":{"index":"index","follow":"follow","max-snippet":"max-snippet:-1","max-image-preview":"max-image-preview:large","max-video-preview":"max-video-preview:-1"},"canonical":"https:\/\/providencemedicalassociates.org\/es\/servicios-medicos\/salud-comunitaria\/","og_locale":"es_ES","og_type":"article","og_title":"Salud comunitaria","og_description":"Salud comunitaria La Cl\u00ednica de Salud Vasek Polak atiende las necesidades de atenci\u00f3n primaria de los adultos sin seguro o con seguro insuficiente que viven en la comunidad de South Bay. Es una alternativa adecuada a la atenci\u00f3n en urgencias para afecciones no urgentes y un \"hogar m\u00e9dico\" sobre todo para adultos con afecciones cr\u00f3nicas [&hellip;]","og_url":"https:\/\/providencemedicalassociates.org\/es\/servicios-medicos\/salud-comunitaria\/","og_site_name":"Providence Medical Associates","article_modified_time":"2026-04-10T21:16:40+00:00","twitter_card":"summary_large_image","twitter_misc":{"Tiempo de lectura":"4 minutos"},"schema":{"@context":"https:\/\/schema.org","@graph":[{"@type":"WebPage","@id":"https:\/\/providencemedicalassociates.org\/es\/servicios-medicos\/salud-comunitaria\/","url":"https:\/\/providencemedicalassociates.org\/es\/servicios-medicos\/salud-comunitaria\/","name":"Salud comunitaria - Providence Medical Associates","isPartOf":{"@id":"https:\/\/providencemedicalassociates.org\/es\/#website"},"datePublished":"2021-09-20T05:24:09+00:00","dateModified":"2026-04-10T21:16:40+00:00","breadcrumb":{"@id":"https:\/\/providencemedicalassociates.org\/es\/servicios-medicos\/salud-comunitaria\/#breadcrumb"},"inLanguage":"es","potentialAction":[{"@type":"ReadAction","target":["https:\/\/providencemedicalassociates.org\/es\/servicios-medicos\/salud-comunitaria\/"]}]},{"@type":"BreadcrumbList","@id":"https:\/\/providencemedicalassociates.org\/es\/servicios-medicos\/salud-comunitaria\/#breadcrumb","itemListElement":[{"@type":"ListItem","position":1,"name":"Home","item":"https:\/\/providencemedicalassociates.org\/es\/"},{"@type":"ListItem","position":2,"name":"Servicios m\u00e9dicos","item":"https:\/\/providencemedicalassociates.org\/es\/servicios-medicos\/"},{"@type":"ListItem","position":3,"name":"Salud comunitaria"}]},{"@type":"WebSite","@id":"https:\/\/providencemedicalassociates.org\/es\/#website","url":"https:\/\/providencemedicalassociates.org\/es\/","name":"Providence Medical Associates","description":"Health for a Better World","publisher":{"@id":"https:\/\/providencemedicalassociates.org\/es\/#organization"},"potentialAction":[{"@type":"SearchAction","target":{"@type":"EntryPoint","urlTemplate":"https:\/\/providencemedicalassociates.org\/es\/?s={search_term_string}"},"query-input":{"@type":"PropertyValueSpecification","valueRequired":true,"valueName":"search_term_string"}}],"inLanguage":"es"},{"@type":"Organization","@id":"https:\/\/providencemedicalassociates.org\/es\/#organization","name":"Providence Medical Associates","url":"https:\/\/providencemedicalassociates.org\/es\/","logo":{"@type":"ImageObject","inLanguage":"es","@id":"https:\/\/providencemedicalassociates.org\/es\/#\/schema\/logo\/image\/","url":"https:\/\/providencemedicalassociates.org\/wp-content\/uploads\/2021\/10\/PMA-Logo.png","contentUrl":"https:\/\/providencemedicalassociates.org\/wp-content\/uploads\/2021\/10\/PMA-Logo.png","width":192,"height":192,"caption":"Providence Medical Associates"},"image":{"@id":"https:\/\/providencemedicalassociates.org\/es\/#\/schema\/logo\/image\/"},"sameAs":["https:\/\/www.youtube.com\/channel\/UC1F5VwwTd9mUIicIkjNxz7w"]}]}},"_links":{"self":[{"href":"https:\/\/providencemedicalassociates.org\/es\/wp-json\/wp\/v2\/pages\/3651","targetHints":{"allow":["GET"]}}],"collection":[{"href":"https:\/\/providencemedicalassociates.org\/es\/wp-json\/wp\/v2\/pages"}],"about":[{"href":"https:\/\/providencemedicalassociates.org\/es\/wp-json\/wp\/v2\/types\/page"}],"author":[{"embeddable":true,"href":"https:\/\/providencemedicalassociates.org\/es\/wp-json\/wp\/v2\/users\/1"}],"replies":[{"embeddable":true,"href":"https:\/\/providencemedicalassociates.org\/es\/wp-json\/wp\/v2\/comments?post=3651"}],"version-history":[{"count":0,"href":"https:\/\/providencemedicalassociates.org\/es\/wp-json\/wp\/v2\/pages\/3651\/revisions"}],"up":[{"embeddable":true,"href":"https:\/\/providencemedicalassociates.org\/es\/wp-json\/wp\/v2\/pages\/3640"}],"wp:attachment":[{"href":"https:\/\/providencemedicalassociates.org\/es\/wp-json\/wp\/v2\/media?parent=3651"}],"curies":[{"name":"wp","href":"https:\/\/api.w.org\/{rel}","templated":true}]}}