{"id":3652,"date":"2021-09-19T22:27:47","date_gmt":"2021-09-20T05:27:47","guid":{"rendered":"https:\/\/providencestag.wpengine.com\/servicios-medicos\/otorrinolaringologia\/"},"modified":"2026-04-10T17:24:34","modified_gmt":"2026-04-11T00:24:34","slug":"otorrinolaringologia","status":"publish","type":"page","link":"https:\/\/providencemedicalassociates.org\/es\/servicios-medicos\/otorrinolaringologia\/","title":{"rendered":"Otorrinolaringolog\u00eda"},"content":{"rendered":"<p>[et_pb_section fb_built=\u00bb1&#8243; custom_padding_last_edited=\u00bbon|desktop\u00bb module_class=\u00bbspecialty-care-section\u00bb _builder_version=\u00bb4.16&#8243; _module_preset=\u00bbdefault\u00bb custom_padding=\u00bb69px||19px||false|false\u00bb custom_padding_tablet=\u00bb5px||||false|false\u00bb custom_padding_phone=\u00bb\u00bb global_colors_info=\u00bb{}\u00bb][et_pb_row column_structure=\u00bb1_2,1_2&#8243; _builder_version=\u00bb4.16&#8243; _module_preset=\u00bbdefault\u00bb global_colors_info=\u00bb{}\u00bb][et_pb_column type=\u00bb1_2&#8243; _builder_version=\u00bb4.16&#8243; _module_preset=\u00bbdefault\u00bb global_colors_info=\u00bb{}\u00bb][et_pb_text _builder_version=\u00bb4.16&#8243; _module_preset=\u00bbdefault\u00bb global_colors_info=\u00bb{}\u00bb]<\/p>\n<h4>Otorrinolaringolog\u00eda &#8211; O\u00eddo, Nariz y Garganta<\/h4>\n<p>Nuestros otorrinolaring\u00f3logos se especializan en el tratamiento m\u00e9dico y quir\u00fargico del o\u00eddo, la nariz y la garganta (ORL) y proporcionan una evaluaci\u00f3n diagn\u00f3stica completa para determinar la causa y ofrecer opciones de tratamiento relacionadas con las necesidades \u00fanicas del paciente. Tambi\u00e9n estamos especializados en la atenci\u00f3n quir\u00fargica para el tratamiento de tumores benignos y malignos de la cabeza y el cuello. Las afecciones otorrinolaringol\u00f3gicas que tratamos son  <\/p>\n<p>[\/et_pb_text][\/et_pb_column][et_pb_column type=\u00bb1_2&#8243; _builder_version=\u00bb4.16&#8243; _module_preset=\u00bbdefault\u00bb global_colors_info=\u00bb{}\u00bb][et_pb_image src=\u00bbhttps:\/\/providencemedicalassociates.org\/wp-content\/uploads\/2021\/09\/otolaryngology.jpg\u00bb title_text=\u00bbotorrinolaringolog\u00eda\u00bb module_class=\u00bbbackground-overlay\u00bb _builder_version=\u00bb4.16&#8243; _module_preset=\u00bbdefault\u00bb global_colors_info=\u00bb{}\u00bb][\/et_pb_image][\/et_pb_column][\/et_pb_row][\/et_pb_section][et_pb_section fb_built=\u00bb1&#8243; custom_padding_last_edited=\u00bbon|tablet\u00bb module_class=\u00bbspecialists-section\u00bb _builder_version=\u00bb4.16&#8243; _module_preset=\u00bbdefault\u00bb custom_padding=\u00bb18px||7px||false|false\u00bb custom_padding_tablet=\u00bb||0px||false|false\u00bb custom_padding_phone=\u00bb\u00bb global_colors_info=\u00bb{}\u00bb disabled_on=\u00bbon|on|on\u00bb disabled=\u00bbon\u00bb][et_pb_row disabled_on=\u00bboff|off|off\u00bb module_class=\u00bbservices-items clearfix\u00bb _builder_version=\u00bb4.16&#8243; _module_preset=\u00bbdefault\u00bb global_colors_info=\u00bb{}\u00bb][et_pb_column type=\u00bb4_4&#8243; _builder_version=\u00bb4.16&#8243; _module_preset=\u00bbdefault\u00bb global_colors_info=\u00bb{}\u00bb][et_pb_text admin_label=\u00bbHeart &#038; Vascular Specialists\u00bb module_class=\u00bbservice-item\u00bb _builder_version=\u00bb4.16&#8243; _module_preset=\u00bbdefault\u00bb text_orientation=\u00bbcenter\u00bb custom_margin=\u00bb||0px||false|false\u00bb global_colors_info=\u00bb{}\u00bb]<\/p>\n<h3>Especialistas en Otorrinolaringolog\u00eda<\/h3>\n<p>[\/et_pb_text][et_pb_code disabled_on=\u00bbon|on|on\u00bb _builder_version=\u00bb4.16&#8243; _module_preset=\u00bbdefault\u00bb custom_padding=\u00bb49px||||false|false\u00bb disabled=\u00bbon\u00bb global_colors_info=\u00bb{}\u00bb]\n        <div class=\"bod-item-wrapper\">\n            <div class=\"bod-items-row\">\n                                    <div class=\"bod-item\">\n                        <div class=\"bod-item-wrap\">\n                                                            <div class=\"bod-title\">\n                                    <a href=\"https:\/\/providencemedicalassociates.org\/es\/doctors\/ayman-j-abdelkarim-md\/\" class=\"title-link\">\n                                        <h3>Ayman J. Abdelkarim, MD<\/h3>\n                                    <\/a>\n\n                                    <p>\n                                                                            <\/p>\n                                <\/div>\n                            \n                        <\/div>\n                    <\/div>\n                                    <div class=\"bod-item\">\n                        <div class=\"bod-item-wrap\">\n                                                            <div class=\"bod-title\">\n                                    <a href=\"https:\/\/providencemedicalassociates.org\/es\/doctors\/omar-z-yasin-md-ms\/\" class=\"title-link\">\n                                        <h3>Omar Z. Yasin, MD, MS<\/h3>\n                                    <\/a>\n\n                                    <p>\n                                                                            <\/p>\n                                <\/div>\n                            \n                        <\/div>\n                    <\/div>\n                                    <div class=\"bod-item\">\n                        <div class=\"bod-item-wrap\">\n                                                            <div class=\"bod-title\">\n                                    <a href=\"https:\/\/providencemedicalassociates.org\/es\/doctors\/jack-aguilar-md\/\" class=\"title-link\">\n                                        <h3>Jack Aguilar<\/h3>\n                                    <\/a>\n\n                                    <p>\n                                                                            <\/p>\n                                <\/div>\n                            \n                        <\/div>\n                    <\/div>\n                                    <div class=\"bod-item\">\n                        <div class=\"bod-item-wrap\">\n                                                            <div class=\"bod-title\">\n                                    <a href=\"https:\/\/providencemedicalassociates.org\/es\/doctors\/anthony-m-simone-md\/\" class=\"title-link\">\n                                        <h3>Anthony M. Simone<\/h3>\n                                    <\/a>\n\n                                    <p>\n                                                                            <\/p>\n                                <\/div>\n                            \n                        <\/div>\n                    <\/div>\n                                    <div class=\"bod-item\">\n                        <div class=\"bod-item-wrap\">\n                                                            <div class=\"bod-title\">\n                                    <a href=\"https:\/\/providencemedicalassociates.org\/es\/doctors\/rishi-kaushal-md\/\" class=\"title-link\">\n                                        <h3>Rishi Kaushal<\/h3>\n                                    <\/a>\n\n                                    <p>\n                                                                            <\/p>\n                                <\/div>\n                            \n                        <\/div>\n                    <\/div>\n                                    <div class=\"bod-item\">\n                        <div class=\"bod-item-wrap\">\n                                                            <div class=\"bod-title\">\n                                    <a href=\"https:\/\/providencemedicalassociates.org\/es\/doctors\/shazia-m-hasan-md\/\" class=\"title-link\">\n                                        <h3>Shazia M. Hasan<\/h3>\n                                    <\/a>\n\n                                    <p>\n                                                                            <\/p>\n                                <\/div>\n                            \n                        <\/div>\n                    <\/div>\n                                    <div class=\"bod-item\">\n                        <div class=\"bod-item-wrap\">\n                                                            <div class=\"bod-title\">\n                                    <a href=\"https:\/\/providencemedicalassociates.org\/es\/doctors\/thi-b-dang-md\/\" class=\"title-link\">\n                                        <h3>Thi B. Dang<\/h3>\n                                    <\/a>\n\n                                    <p>\n                                                                            <\/p>\n                                <\/div>\n                            \n                        <\/div>\n                    <\/div>\n                                    <div class=\"bod-item\">\n                        <div class=\"bod-item-wrap\">\n                                                            <div class=\"bod-title\">\n                                    <a href=\"https:\/\/providencemedicalassociates.org\/es\/doctors\/nazanin-azadi-md\/\" class=\"title-link\">\n                                        <h3>Nazanin Azadi<\/h3>\n                                    <\/a>\n\n                                    <p>\n                                                                            <\/p>\n                                <\/div>\n                            \n                        <\/div>\n                    <\/div>\n                                    <div class=\"bod-item\">\n                        <div class=\"bod-item-wrap\">\n                                                            <div class=\"bod-title\">\n                                    <a href=\"https:\/\/providencemedicalassociates.org\/es\/doctors\/murrad-j-abdelkarim-md\/\" class=\"title-link\">\n                                        <h3>Murrad J. Abdelkarim<\/h3>\n                                    <\/a>\n\n                                    <p>\n                                                                            <\/p>\n                                <\/div>\n                            \n                        <\/div>\n                    <\/div>\n                            <\/div>\n        <\/div>\n\n    [\/et_pb_code][et_pb_code _builder_version=\u00bb4.16&#8243; _module_preset=\u00bbdefault\u00bb custom_padding=\u00bb49px||||false|false\u00bb global_colors_info=\u00bb{}\u00bb][\/et_pb_code][\/et_pb_column][\/et_pb_row][\/et_pb_section][et_pb_section fb_built=\u00bb1&#8243; custom_padding_last_edited=\u00bbon|tablet\u00bb admin_label=\u00bbFind a Doctor | Urgent Care\u00bb module_class=\u00bbhalf-cta-with-bg-section\u00bb _builder_version=\u00bb4.16&#8243; _module_preset=\u00bbdefault\u00bb custom_margin=\u00bb||0px||false|false\u00bb custom_padding=\u00bb||0px||false|false\u00bb custom_padding_tablet=\u00bb0px||0px||true|false\u00bb custom_padding_phone=\u00bb\u00bb global_colors_info=\u00bb{}\u00bb][et_pb_row column_structure=\u00bb1_2,1_2&#8243; use_custom_gutter=\u00bbon\u00bb gutter_width=\u00bb1&#8243; make_equal=\u00bbon\u00bb admin_label=\u00bbFila\u00bb _builder_version=\u00bb4.16&#8243; _module_preset=\u00bbdefault\u00bb width=\u00bb100%\u00bb max_width=\u00bb100%\u00bb custom_margin=\u00bb||0px||false|false\u00bb custom_padding=\u00bb||0px||false|false\u00bb global_colors_info=\u00bb{}\u00bb][et_pb_column type=\u00bb1_2&#8243; module_class=\u00bbfind-doctor-col\u00bb _builder_version=\u00bb4.16&#8243; _module_preset=\u00bbdefault\u00bb background_color=\u00bbrgba(51,92,164,0.75)\u00bb background_enable_image=\u00bboff\u00bb background_blend=\u00bboverlay\u00bb global_colors_info=\u00bb{}\u00bb][et_pb_cta title=\u00bbBusca un m\u00e9dico\u00bb button_url=\u00bbhttps:\/\/providencemedicalassociates.org\/es\/servicios-medicos\/\u00bb button_text=\u00bbM\u00e1s informaci\u00f3n\u00bb admin_label=\u00bbBusca un m\u00e9dico\u00bb module_class=\u00bbfind-a-doctor\u00bb _builder_version=\u00bb4.16&#8243; _module_preset=\u00bbdefault\u00bb use_background_color=\u00bboff\u00bb text_orientation=\u00bbleft\u00bb global_colors_info=\u00bb{}\u00bb]Busque entre m\u00e1s de 100 proveedores de atenci\u00f3n sanitaria y programe una cita en persona o por telesalud.[\/et_pb_cta][\/et_pb_column][et_pb_column type=\u00bb1_2&#8243; module_class=\u00bburgent-care-col\u00bb _builder_version=\u00bb4.16&#8243; _module_preset=\u00bbdefault\u00bb background_color=\u00bbrgba(97,161,88,0.75)\u00bb background_enable_image=\u00bboff\u00bb background_blend=\u00bboverlay\u00bb global_colors_info=\u00bb{}\u00bb][et_pb_cta title=\u00bbAtenci\u00f3n urgente\u00bb button_url=\u00bbhttps:\/\/providencemedicalassociates.org\/es\/atencion-urgente\/\u00bb button_text=\u00bbM\u00e1s informaci\u00f3n\u00bb admin_label=\u00bbAtenci\u00f3n urgente\u00bb module_class=\u00bburgent-care\u00bb _builder_version=\u00bb4.16&#8243; _module_preset=\u00bbdefault\u00bb use_background_color=\u00bboff\u00bb text_orientation=\u00bbleft\u00bb global_colors_info=\u00bb{}\u00bb]<\/p>\n<p>Desde esguinces y resfriados hasta golpes y contusiones, nuestros m\u00e9dicos est\u00e1n preparados para prestarte la atenci\u00f3n que necesites sin cita previa.<\/p>\n<p>[\/et_pb_cta][\/et_pb_column][\/et_pb_row][\/et_pb_section]<\/p>\n","protected":false},"excerpt":{"rendered":"<p>[et_pb_section fb_built=\u00bb1&#8243; custom_padding_last_edited=\u00bbon|desktop\u00bb module_class=\u00bbspecialty-care-section\u00bb _builder_version=\u00bb4.16&#8243; _module_preset=\u00bbdefault\u00bb custom_padding=\u00bb69px||19px||false|false\u00bb custom_padding_tablet=\u00bb5px||||false|false\u00bb custom_padding_phone=\u00bb\u00bb global_colors_info=\u00bb{}\u00bb][et_pb_row column_structure=\u00bb1_2,1_2&#8243; _builder_version=\u00bb4.16&#8243; _module_preset=\u00bbdefault\u00bb global_colors_info=\u00bb{}\u00bb][et_pb_column type=\u00bb1_2&#8243; _builder_version=\u00bb4.16&#8243; _module_preset=\u00bbdefault\u00bb global_colors_info=\u00bb{}\u00bb][et_pb_text _builder_version=\u00bb4.16&#8243; _module_preset=\u00bbdefault\u00bb global_colors_info=\u00bb{}\u00bb] Otorrinolaringolog\u00eda &#8211; O\u00eddo, Nariz y Garganta Nuestros otorrinolaring\u00f3logos se especializan en el tratamiento m\u00e9dico y quir\u00fargico del o\u00eddo, la nariz y la garganta (ORL) y proporcionan una evaluaci\u00f3n diagn\u00f3stica completa para determinar la causa [&hellip;]<\/p>\n","protected":false},"author":1,"featured_media":0,"parent":3640,"menu_order":0,"comment_status":"closed","ping_status":"closed","template":"","meta":{"_acf_changed":false,"_et_pb_use_builder":"on","_et_pb_old_content":"","_et_gb_content_width":"","inline_featured_image":false,"_lmt_disableupdate":"no","_lmt_disable":"","footnotes":""},"class_list":["post-3652","page","type-page","status-publish","hentry"],"acf":[],"yoast_head":"<!-- This site is optimized with the Yoast SEO Premium plugin v27.5 (Yoast SEO v27.6) - https:\/\/yoast.com\/product\/yoast-seo-premium-wordpress\/ -->\n<title>Mejor otorrinolaring\u00f3logo cerca de m\u00ed en South Bay, Los Angeles - Providence Medical Associates<\/title>\n<meta name=\"description\" content=\"Encuentra los mejores otorrinolaring\u00f3logos de la Bah\u00eda Sur en funci\u00f3n de la disponibilidad de citas, la ubicaci\u00f3n, el seguro, las opiniones verificadas y mucho m\u00e1s. \u00a1Pide cita hoy mismo!\" \/>\n<meta name=\"robots\" content=\"index, follow, max-snippet:-1, max-image-preview:large, max-video-preview:-1\" \/>\n<link rel=\"canonical\" href=\"https:\/\/providencemedicalassociates.org\/es\/servicios-medicos\/otorrinolaringologia\/\" \/>\n<meta property=\"og:locale\" content=\"es_ES\" \/>\n<meta property=\"og:type\" content=\"article\" \/>\n<meta property=\"og:title\" content=\"Otorrinolaringolog\u00eda\" \/>\n<meta property=\"og:description\" content=\"Encuentra los mejores otorrinolaring\u00f3logos de la Bah\u00eda Sur en funci\u00f3n de la disponibilidad de citas, la ubicaci\u00f3n, el seguro, las opiniones verificadas y mucho m\u00e1s. \u00a1Pide cita hoy mismo!\" \/>\n<meta property=\"og:url\" content=\"https:\/\/providencemedicalassociates.org\/es\/servicios-medicos\/otorrinolaringologia\/\" \/>\n<meta property=\"og:site_name\" content=\"Providence Medical Associates\" \/>\n<meta property=\"article:modified_time\" content=\"2026-04-11T00:24:34+00:00\" \/>\n<meta name=\"twitter:card\" content=\"summary_large_image\" \/>\n<meta name=\"twitter:label1\" content=\"Tiempo de lectura\" \/>\n\t<meta name=\"twitter:data1\" content=\"2 minutos\" \/>\n<script type=\"application\/ld+json\" class=\"yoast-schema-graph\">{\"@context\":\"https:\\\/\\\/schema.org\",\"@graph\":[{\"@type\":\"WebPage\",\"@id\":\"https:\\\/\\\/providencemedicalassociates.org\\\/es\\\/servicios-medicos\\\/otorrinolaringologia\\\/\",\"url\":\"https:\\\/\\\/providencemedicalassociates.org\\\/es\\\/servicios-medicos\\\/otorrinolaringologia\\\/\",\"name\":\"Mejor otorrinolaring\u00f3logo cerca de m\u00ed en South Bay, Los Angeles - Providence Medical Associates\",\"isPartOf\":{\"@id\":\"https:\\\/\\\/providencemedicalassociates.org\\\/es\\\/#website\"},\"datePublished\":\"2021-09-20T05:27:47+00:00\",\"dateModified\":\"2026-04-11T00:24:34+00:00\",\"description\":\"Encuentra los mejores otorrinolaring\u00f3logos de la Bah\u00eda Sur en funci\u00f3n de la disponibilidad de citas, la ubicaci\u00f3n, el seguro, las opiniones verificadas y mucho m\u00e1s. \u00a1Pide cita hoy mismo!\",\"breadcrumb\":{\"@id\":\"https:\\\/\\\/providencemedicalassociates.org\\\/es\\\/servicios-medicos\\\/otorrinolaringologia\\\/#breadcrumb\"},\"inLanguage\":\"es\",\"potentialAction\":[{\"@type\":\"ReadAction\",\"target\":[\"https:\\\/\\\/providencemedicalassociates.org\\\/es\\\/servicios-medicos\\\/otorrinolaringologia\\\/\"]}]},{\"@type\":\"BreadcrumbList\",\"@id\":\"https:\\\/\\\/providencemedicalassociates.org\\\/es\\\/servicios-medicos\\\/otorrinolaringologia\\\/#breadcrumb\",\"itemListElement\":[{\"@type\":\"ListItem\",\"position\":1,\"name\":\"Home\",\"item\":\"https:\\\/\\\/providencemedicalassociates.org\\\/es\\\/\"},{\"@type\":\"ListItem\",\"position\":2,\"name\":\"Servicios m\u00e9dicos\",\"item\":\"https:\\\/\\\/providencemedicalassociates.org\\\/es\\\/servicios-medicos\\\/\"},{\"@type\":\"ListItem\",\"position\":3,\"name\":\"Otorrinolaringolog\u00eda\"}]},{\"@type\":\"WebSite\",\"@id\":\"https:\\\/\\\/providencemedicalassociates.org\\\/es\\\/#website\",\"url\":\"https:\\\/\\\/providencemedicalassociates.org\\\/es\\\/\",\"name\":\"Providence Medical Associates\",\"description\":\"Health for a Better World\",\"publisher\":{\"@id\":\"https:\\\/\\\/providencemedicalassociates.org\\\/es\\\/#organization\"},\"potentialAction\":[{\"@type\":\"SearchAction\",\"target\":{\"@type\":\"EntryPoint\",\"urlTemplate\":\"https:\\\/\\\/providencemedicalassociates.org\\\/es\\\/?s={search_term_string}\"},\"query-input\":{\"@type\":\"PropertyValueSpecification\",\"valueRequired\":true,\"valueName\":\"search_term_string\"}}],\"inLanguage\":\"es\"},{\"@type\":\"Organization\",\"@id\":\"https:\\\/\\\/providencemedicalassociates.org\\\/es\\\/#organization\",\"name\":\"Providence Medical Associates\",\"url\":\"https:\\\/\\\/providencemedicalassociates.org\\\/es\\\/\",\"logo\":{\"@type\":\"ImageObject\",\"inLanguage\":\"es\",\"@id\":\"https:\\\/\\\/providencemedicalassociates.org\\\/es\\\/#\\\/schema\\\/logo\\\/image\\\/\",\"url\":\"https:\\\/\\\/providencemedicalassociates.org\\\/wp-content\\\/uploads\\\/2021\\\/10\\\/PMA-Logo.png\",\"contentUrl\":\"https:\\\/\\\/providencemedicalassociates.org\\\/wp-content\\\/uploads\\\/2021\\\/10\\\/PMA-Logo.png\",\"width\":192,\"height\":192,\"caption\":\"Providence Medical Associates\"},\"image\":{\"@id\":\"https:\\\/\\\/providencemedicalassociates.org\\\/es\\\/#\\\/schema\\\/logo\\\/image\\\/\"},\"sameAs\":[\"https:\\\/\\\/www.youtube.com\\\/channel\\\/UC1F5VwwTd9mUIicIkjNxz7w\"]}]}<\/script>\n<!-- \/ Yoast SEO Premium plugin. -->","yoast_head_json":{"title":"Mejor otorrinolaring\u00f3logo cerca de m\u00ed en South Bay, Los Angeles - Providence Medical Associates","description":"Encuentra los mejores otorrinolaring\u00f3logos de la Bah\u00eda Sur en funci\u00f3n de la disponibilidad de citas, la ubicaci\u00f3n, el seguro, las opiniones verificadas y mucho m\u00e1s. \u00a1Pide cita hoy mismo!","robots":{"index":"index","follow":"follow","max-snippet":"max-snippet:-1","max-image-preview":"max-image-preview:large","max-video-preview":"max-video-preview:-1"},"canonical":"https:\/\/providencemedicalassociates.org\/es\/servicios-medicos\/otorrinolaringologia\/","og_locale":"es_ES","og_type":"article","og_title":"Otorrinolaringolog\u00eda","og_description":"Encuentra los mejores otorrinolaring\u00f3logos de la Bah\u00eda Sur en funci\u00f3n de la disponibilidad de citas, la ubicaci\u00f3n, el seguro, las opiniones verificadas y mucho m\u00e1s. \u00a1Pide cita hoy mismo!","og_url":"https:\/\/providencemedicalassociates.org\/es\/servicios-medicos\/otorrinolaringologia\/","og_site_name":"Providence Medical Associates","article_modified_time":"2026-04-11T00:24:34+00:00","twitter_card":"summary_large_image","twitter_misc":{"Tiempo de lectura":"2 minutos"},"schema":{"@context":"https:\/\/schema.org","@graph":[{"@type":"WebPage","@id":"https:\/\/providencemedicalassociates.org\/es\/servicios-medicos\/otorrinolaringologia\/","url":"https:\/\/providencemedicalassociates.org\/es\/servicios-medicos\/otorrinolaringologia\/","name":"Mejor otorrinolaring\u00f3logo cerca de m\u00ed en South Bay, Los Angeles - Providence Medical Associates","isPartOf":{"@id":"https:\/\/providencemedicalassociates.org\/es\/#website"},"datePublished":"2021-09-20T05:27:47+00:00","dateModified":"2026-04-11T00:24:34+00:00","description":"Encuentra los mejores otorrinolaring\u00f3logos de la Bah\u00eda Sur en funci\u00f3n de la disponibilidad de citas, la ubicaci\u00f3n, el seguro, las opiniones verificadas y mucho m\u00e1s. \u00a1Pide cita hoy mismo!","breadcrumb":{"@id":"https:\/\/providencemedicalassociates.org\/es\/servicios-medicos\/otorrinolaringologia\/#breadcrumb"},"inLanguage":"es","potentialAction":[{"@type":"ReadAction","target":["https:\/\/providencemedicalassociates.org\/es\/servicios-medicos\/otorrinolaringologia\/"]}]},{"@type":"BreadcrumbList","@id":"https:\/\/providencemedicalassociates.org\/es\/servicios-medicos\/otorrinolaringologia\/#breadcrumb","itemListElement":[{"@type":"ListItem","position":1,"name":"Home","item":"https:\/\/providencemedicalassociates.org\/es\/"},{"@type":"ListItem","position":2,"name":"Servicios m\u00e9dicos","item":"https:\/\/providencemedicalassociates.org\/es\/servicios-medicos\/"},{"@type":"ListItem","position":3,"name":"Otorrinolaringolog\u00eda"}]},{"@type":"WebSite","@id":"https:\/\/providencemedicalassociates.org\/es\/#website","url":"https:\/\/providencemedicalassociates.org\/es\/","name":"Providence Medical Associates","description":"Health for a Better World","publisher":{"@id":"https:\/\/providencemedicalassociates.org\/es\/#organization"},"potentialAction":[{"@type":"SearchAction","target":{"@type":"EntryPoint","urlTemplate":"https:\/\/providencemedicalassociates.org\/es\/?s={search_term_string}"},"query-input":{"@type":"PropertyValueSpecification","valueRequired":true,"valueName":"search_term_string"}}],"inLanguage":"es"},{"@type":"Organization","@id":"https:\/\/providencemedicalassociates.org\/es\/#organization","name":"Providence Medical Associates","url":"https:\/\/providencemedicalassociates.org\/es\/","logo":{"@type":"ImageObject","inLanguage":"es","@id":"https:\/\/providencemedicalassociates.org\/es\/#\/schema\/logo\/image\/","url":"https:\/\/providencemedicalassociates.org\/wp-content\/uploads\/2021\/10\/PMA-Logo.png","contentUrl":"https:\/\/providencemedicalassociates.org\/wp-content\/uploads\/2021\/10\/PMA-Logo.png","width":192,"height":192,"caption":"Providence Medical Associates"},"image":{"@id":"https:\/\/providencemedicalassociates.org\/es\/#\/schema\/logo\/image\/"},"sameAs":["https:\/\/www.youtube.com\/channel\/UC1F5VwwTd9mUIicIkjNxz7w"]}]}},"_links":{"self":[{"href":"https:\/\/providencemedicalassociates.org\/es\/wp-json\/wp\/v2\/pages\/3652","targetHints":{"allow":["GET"]}}],"collection":[{"href":"https:\/\/providencemedicalassociates.org\/es\/wp-json\/wp\/v2\/pages"}],"about":[{"href":"https:\/\/providencemedicalassociates.org\/es\/wp-json\/wp\/v2\/types\/page"}],"author":[{"embeddable":true,"href":"https:\/\/providencemedicalassociates.org\/es\/wp-json\/wp\/v2\/users\/1"}],"replies":[{"embeddable":true,"href":"https:\/\/providencemedicalassociates.org\/es\/wp-json\/wp\/v2\/comments?post=3652"}],"version-history":[{"count":0,"href":"https:\/\/providencemedicalassociates.org\/es\/wp-json\/wp\/v2\/pages\/3652\/revisions"}],"up":[{"embeddable":true,"href":"https:\/\/providencemedicalassociates.org\/es\/wp-json\/wp\/v2\/pages\/3640"}],"wp:attachment":[{"href":"https:\/\/providencemedicalassociates.org\/es\/wp-json\/wp\/v2\/media?parent=3652"}],"curies":[{"name":"wp","href":"https:\/\/api.w.org\/{rel}","templated":true}]}}